{"id":74,"date":"2021-10-19T17:07:23","date_gmt":"2021-10-19T15:07:23","guid":{"rendered":"https:\/\/stademonia.com\/21\/?page_id=74"},"modified":"2022-04-08T14:02:51","modified_gmt":"2022-04-08T12:02:51","slug":"queer-links","status":"publish","type":"page","link":"https:\/\/stademonia.com\/english\/queer-links\/","title":{"rendered":"queer links"},"content":{"rendered":"<div class=\"wpb-content-wrapper\"><p>[vc_row css_animation=&#8221;&#8221; row_type=&#8221;row&#8221; use_row_as_full_screen_section=&#8221;no&#8221; type=&#8221;full_width&#8221; angled_section=&#8221;no&#8221; text_align=&#8221;left&#8221; background_image_as_pattern=&#8221;without_pattern&#8221;][vc_column width=&#8221;1\/4&#8243;][\/vc_column][vc_column width=&#8221;1\/2&#8243;][vc_column_text]<img loading=\"lazy\" decoding=\"async\" src=\"https:\/\/www.stademonia.com\/wp-content\/uploads\/2018\/11\/StaDemoniaTattooStockholmRegnbagsskalle.jpg\" sizes=\"auto, (max-width: 450px) 100vw, 450px\" srcset=\"https:\/\/www.stademonia.com\/wp-content\/uploads\/2018\/11\/StaDemoniaTattooStockholmRegnbagsskalle.jpg 450w, https:\/\/www.stademonia.com\/wp-content\/uploads\/2018\/11\/StaDemoniaTattooStockholmRegnbagsskalle-300x155.jpg 300w\" alt=\"En sv\u00e4ngig regnb\u00e5ge kommer ut ur tredje \u00f6gat p\u00e5 en old school d\u00f6dskalle.\" width=\"450\" height=\"233\" \/><\/p>\n<p>Our Life Saving Links do not always have to do with tattoos, almost not at all, but everything is connected. Here you will find people\/groups who work with art, politics, important matters about queer life, love and friendship. If you think we missed something, write to <a href=\"mailto:sara@stademonia.com\">sara@stademonia.com<\/a>!<\/p>\n<p><a href=\"https:\/\/www.instagram.com\/blackqueersswe\/\" target=\"_blank\" rel=\"noopener noreferrer\"><br \/>\n<img loading=\"lazy\" decoding=\"async\" src=\"https:\/\/www.stademonia.com\/wp-content\/uploads\/2018\/11\/StaDemoniaTattooStockhomBlackQueers.jpg\" sizes=\"auto, (max-width: 300px) 100vw, 300px\" srcset=\"https:\/\/www.stademonia.com\/wp-content\/uploads\/2018\/11\/StaDemoniaTattooStockhomBlackQueers.jpg 300w, https:\/\/www.stademonia.com\/wp-content\/uploads\/2018\/11\/StaDemoniaTattooStockhomBlackQueers-150x150.jpg 150w\" alt=\"En knuten n\u00e4ve i regnb\u00e5gsf\u00e4rger mot svart bakgrund med texten Black.\" width=\"300\" height=\"300\" \/><\/a><\/p>\n<h2><a href=\"https:\/\/www.instagram.com\/blackqueersswe\/\" target=\"_blank\" rel=\"noopener noreferrer\">Black Queers Sweden<\/a><\/h2>\n<p><a href=\"https:\/\/www.instagram.com\/blackqueersswe\/\">Black Queers Sweden<\/a> is the feminist and anti-racist black queer movement and independent organization! The first independent movement by and for Black Queers!<\/p>\n<p><a href=\"https:\/\/transfeststockholm.org\/\" target=\"_blank\" rel=\"noopener noreferrer\"><br \/>\n<img loading=\"lazy\" decoding=\"async\" src=\"https:\/\/www.stademonia.com\/wp-content\/uploads\/2018\/11\/StaDemoniaTattooStockholmKnappTransfest.jpg\" sizes=\"auto, (max-width: 300px) 100vw, 300px\" srcset=\"https:\/\/www.stademonia.com\/wp-content\/uploads\/2018\/11\/StaDemoniaTattooStockholmKnappTransfest.jpg 300w, https:\/\/www.stademonia.com\/wp-content\/uploads\/2018\/11\/StaDemoniaTattooStockholmKnappTransfest-150x150.jpg 150w\" alt=\"Texten Trans Fest Stockholm \u00f6ver en lilar\u00f6dgul himmel med sommarmoln.\" width=\"300\" height=\"300\" \/><\/a><\/p>\n<h2><a href=\"https:\/\/transfeststockholm.org\/\" target=\"_blank\" rel=\"noopener noreferrer\">Trans Fest Stockholm<\/a><\/h2>\n<p><a href=\"https:\/\/transfeststockholm.org\/\">Trans Fest Stockholm<\/a> started in 2015 as a film festival in connection with Trans Day of Remembrance. Over time, the movement has grown and in addition to film festivals, other fun and important Trans Fest activities are also organized!<\/p>\n<h2><a href=\"https:\/\/www.facebook.com\/sapmipride\/\" target=\"_blank\" rel=\"noopener noreferrer\"><br \/>\n<img loading=\"lazy\" decoding=\"async\" src=\"https:\/\/www.stademonia.com\/wp-content\/uploads\/2020\/11\/StaDemoniaTattooStockholmLinksSapmiPride-1-300x300.jpg\" sizes=\"auto, (max-width: 300px) 100vw, 300px\" srcset=\"https:\/\/www.stademonia.com\/wp-content\/uploads\/2020\/11\/StaDemoniaTattooStockholmLinksSapmiPride-1.jpg 300w, https:\/\/www.stademonia.com\/wp-content\/uploads\/2020\/11\/StaDemoniaTattooStockholmLinksSapmiPride-1-150x150.jpg 150w\" alt=\"\" width=\"300\" height=\"300\" \/><\/a><\/h2>\n<h2><a href=\"https:\/\/www.garmeres.com\" target=\"_blank\" rel=\"noopener noreferrer\">Garmeres<\/a><\/h2>\n<p><a href=\"http:\/\/garmeres.com\" target=\"_blank\" rel=\"noopener\">Garmeres<\/a> is an organization that works for the rights, opportunities and visibility of queer Sami throughout S\u00e1pmi &#8211; by and for queer Sami!<\/p>\n<h2><a href=\"https:\/\/www.facebook.com\/sapmipride\/\" target=\"_blank\" rel=\"noopener noreferrer\">S\u00e1pmi Pride<\/a><\/h2>\n<p><a href=\"https:\/\/www.facebook.com\/sapmipride\/\">S\u00e1pmi Pride<\/a>, a festival for and by queer sami that has been organized annually since 2014!<\/p>\n<p><a href=\"http:\/\/www.transammans.se\/\" target=\"_blank\" rel=\"noopener noreferrer\"><br \/>\n<img loading=\"lazy\" decoding=\"async\" src=\"https:\/\/www.stademonia.com\/wp-content\/uploads\/2020\/11\/StaDemoniaTattooStockholmLinksTransammans-1-300x300.jpg\" sizes=\"auto, (max-width: 300px) 100vw, 300px\" srcset=\"https:\/\/www.stademonia.com\/wp-content\/uploads\/2020\/11\/StaDemoniaTattooStockholmLinksTransammans-1.jpg 300w, https:\/\/www.stademonia.com\/wp-content\/uploads\/2020\/11\/StaDemoniaTattooStockholmLinksTransammans-1-150x150.jpg 150w\" alt=\"\" width=\"300\" height=\"300\" \/><\/a><\/p>\n<h2><a href=\"http:\/\/www.transammans.se\/\" target=\"_blank\" rel=\"noopener noreferrer\">Transammans<\/a><\/h2>\n<p><a href=\"http:\/\/www.transammans.se\/\">Transammans<\/a> is an association for transgender people and relatives. Coffee meetings, conversation groups and much more!<\/p>\n<p><a href=\"https:\/\/www.rfsl.se\/verksamhet\/q-studion-en-podd-av-rfsl\/\" target=\"_blank\" rel=\"noopener noreferrer\"><br \/>\n<img loading=\"lazy\" decoding=\"async\" src=\"https:\/\/www.stademonia.com\/wp-content\/uploads\/2020\/11\/StaDemoniaTattooStockholmLinksQstudion-300x300.jpg\" sizes=\"auto, (max-width: 300px) 100vw, 300px\" srcset=\"https:\/\/www.stademonia.com\/wp-content\/uploads\/2020\/11\/StaDemoniaTattooStockholmLinksQstudion.jpg 300w, https:\/\/www.stademonia.com\/wp-content\/uploads\/2020\/11\/StaDemoniaTattooStockholmLinksQstudion-150x150.jpg 150w\" alt=\"\" width=\"300\" height=\"300\" \/><\/a><\/p>\n<h2><a href=\"https:\/\/www.rfsl.se\/verksamhet\/q-studion-en-podd-av-rfsl\/\" target=\"_blank\" rel=\"noopener noreferrer\">Q-Studion<\/a><\/h2>\n<p><a href=\"https:\/\/www.rfsl.se\/verksamhet\/q-studion-en-podd-av-rfsl\/\">Q-Studion<\/a> is a podcast that puts the queer and anti-racist eye on culture, society, history and everyday life.<\/p>\n<h2><a href=\"https:\/\/www.rfsl.se\/verksamhet\/newcomers\/\" target=\"_blank\" rel=\"noopener noreferrer\"><img loading=\"lazy\" decoding=\"async\" class=\"alignnone size-medium wp-image-358\" src=\"https:\/\/stademonia.com\/21\/wp-content\/uploads\/2022\/01\/StaDemoniaTattooStockholmRainbowRefugies-300x300.jpg\" alt=\"\" width=\"300\" height=\"300\" \/><\/a><\/h2>\n<h2><a href=\"https:\/\/www.rainbowrefugees.se\/\" target=\"_blank\" rel=\"noopener\">Rainbow Refugees Sweden<\/a><\/h2>\n<p><a href=\"https:\/\/www.rainbowrefugees.se\/\" target=\"_blank\" rel=\"noopener\">Rainbow Refugees Sweden<\/a> provides support to you who are asylum seeker or who have fled persecution because of your sexuality, gender identity or expression.<\/p>\n<p><a href=\"https:\/\/www.kontextpress.se\/\" target=\"_blank\" rel=\"noopener noreferrer\"><br \/>\n<img loading=\"lazy\" decoding=\"async\" src=\"https:\/\/www.stademonia.com\/wp-content\/uploads\/2020\/11\/StaDemoniaTattooStockholmLinksKontextPress-300x300.jpg\" sizes=\"auto, (max-width: 300px) 100vw, 300px\" srcset=\"https:\/\/www.stademonia.com\/wp-content\/uploads\/2020\/11\/StaDemoniaTattooStockholmLinksKontextPress.jpg 300w, https:\/\/www.stademonia.com\/wp-content\/uploads\/2020\/11\/StaDemoniaTattooStockholmLinksKontextPress-150x150.jpg 150w\" alt=\"\" width=\"300\" height=\"300\" \/><\/a><\/p>\n<h2><a href=\"https:\/\/www.kontextpress.se\/\" target=\"_blank\" rel=\"noopener noreferrer\">Kontext Press<\/a><\/h2>\n<p><a href=\"https:\/\/www.kontextpress.se\/\">Kontext Press<\/a> is a platform for thoughtful journalism and critical entertainment since 2019.<br \/>\n<a href=\"http:\/\/cinemaqueer.se\/\" target=\"_blank\" rel=\"noopener noreferrer\"><br \/>\n<img loading=\"lazy\" decoding=\"async\" src=\"https:\/\/www.stademonia.com\/wp-content\/uploads\/2018\/11\/StaDemoniaTattooStockholmKnappCinemaqueer.jpg\" sizes=\"auto, (max-width: 300px) 100vw, 300px\" srcset=\"https:\/\/www.stademonia.com\/wp-content\/uploads\/2018\/11\/StaDemoniaTattooStockholmKnappCinemaqueer.jpg 300w, https:\/\/www.stademonia.com\/wp-content\/uploads\/2018\/11\/StaDemoniaTattooStockholmKnappCinemaqueer-150x150.jpg 150w\" alt=\"CinemaQueers logga d\u00e4r A och Q m\u00f6ts i ett anarkiskt A.\" width=\"300\" height=\"300\" \/><\/a><\/p>\n<h2><a href=\"http:\/\/cinemaqueer.se\/\" target=\"_blank\" rel=\"noopener noreferrer\">CinemaQueer<\/a><\/h2>\n<p><a href=\"http:\/\/cinemaqueer.se\/\">CinemaQueer<\/a> is Sweden&#8217;s largest international Queer Film Festival which is held annually in Stockholm. They also offer normbreaking school cinema for children and young people!<\/p>\n<p><a href=\"http:\/\/www.instagram.com\/queer_art_fest_sthlm\" target=\"_blank\" rel=\"noopener noreferrer\"><br \/>\n<img loading=\"lazy\" decoding=\"async\" src=\"https:\/\/www.stademonia.com\/wp-content\/uploads\/2020\/11\/StaDemoniaTattooStockholmLinksQueerArtFest-300x300.jpg\" sizes=\"auto, (max-width: 300px) 100vw, 300px\" srcset=\"https:\/\/www.stademonia.com\/wp-content\/uploads\/2020\/11\/StaDemoniaTattooStockholmLinksQueerArtFest.jpg 300w, https:\/\/www.stademonia.com\/wp-content\/uploads\/2020\/11\/StaDemoniaTattooStockholmLinksQueerArtFest-150x150.jpg 150w\" alt=\"\" width=\"300\" height=\"300\" \/><\/a><\/p>\n<h2><a href=\"http:\/\/www.instagram.com\/queer_art_fest_sthlm\" target=\"_blank\" rel=\"noopener noreferrer\">Queer Art Fest Stockholm<\/a><\/h2>\n<p><a href=\"http:\/\/www.instagram.com\/queer_art_fest_sthlm\">Queer Art Fest Sthlm<\/a> is an art festival by queers for queers; music, performance, tattoo, art, film, conversation &#8230;!<\/p>\n<p><a href=\"https:\/\/www.facebook.com\/etownqueerfest\/\" target=\"_blank\" rel=\"noopener noreferrer\"><br \/>\n<img loading=\"lazy\" decoding=\"async\" src=\"https:\/\/www.stademonia.com\/wp-content\/uploads\/2020\/11\/StaDemoniaTattooStockholmLinksEtownQueerFest-1-300x300.jpg\" sizes=\"auto, (max-width: 300px) 100vw, 300px\" srcset=\"https:\/\/www.stademonia.com\/wp-content\/uploads\/2020\/11\/StaDemoniaTattooStockholmLinksEtownQueerFest-1.jpg 300w, https:\/\/www.stademonia.com\/wp-content\/uploads\/2020\/11\/StaDemoniaTattooStockholmLinksEtownQueerFest-1-150x150.jpg 150w\" alt=\"\" width=\"300\" height=\"300\" \/><\/a><\/p>\n<h2><a href=\"https:\/\/www.facebook.com\/etownqueerfest\/\" target=\"_blank\" rel=\"noopener noreferrer\">Etown Queer Fest<\/a><\/h2>\n<p><a href=\"https:\/\/www.facebook.com\/etownqueerfest\/\">Etown Queer Fest<\/a> is a festival by queers for queers, without alcohol and you donat have to put up with pinkwash!<\/p>\n<p>&nbsp;<\/p>\n<p><img loading=\"lazy\" decoding=\"async\" class=\"alignnone size-medium wp-image-359\" src=\"https:\/\/stademonia.com\/21\/wp-content\/uploads\/2022\/01\/StaDemoniaTattooStockholmReclaimPrideNyversion-300x300.jpg\" alt=\"\" width=\"300\" height=\"300\" \/><\/p>\n<h2><a href=\"https:\/\/www.reclaimpride.se\/\" target=\"_blank\" rel=\"noopener noreferrer\">Reclaim Pride<\/a><\/h2>\n<p><a href=\"https:\/\/www.reclaimpride.se\/\">Reclaim Pride<\/a> is an anti-capitalist movement by queers, for queers. A place where large companies, political parties, authorities and law enforcement are not allowed to set the agenda. Creates politics, panel discussions, music, art and struggle &#8211; without pinkwash.<\/p>\n<p><a href=\"https:\/\/saqmi.se\/\" target=\"_blank\" rel=\"noopener noreferrer\"><br \/>\n<img loading=\"lazy\" decoding=\"async\" src=\"https:\/\/www.stademonia.com\/wp-content\/uploads\/2020\/11\/StaDemoniaTattooStockholmLinksSaqmi-1-300x300.gif\" sizes=\"auto, (max-width: 300px) 100vw, 300px\" srcset=\"https:\/\/www.stademonia.com\/wp-content\/uploads\/2020\/11\/StaDemoniaTattooStockholmLinksSaqmi-1-300x300.gif 300w, https:\/\/www.stademonia.com\/wp-content\/uploads\/2020\/11\/StaDemoniaTattooStockholmLinksSaqmi-1-150x150.gif 150w\" alt=\"\" width=\"300\" height=\"300\" \/><\/a><\/p>\n<h2><a href=\"http:\/\/www.saqmi.se\" target=\"_blank\" rel=\"noopener noreferrer\">SAQMI<\/a><\/h2>\n<p><a href=\"https:\/\/saqmi.se\/\">The Swedish Archive for Queer Moving Images<\/a> collects and shows queer moving images, writes Swedish history.<\/p>\n<p><a href=\"http:\/\/www.qrab.org\/\" target=\"_blank\" rel=\"noopener noreferrer\"><br \/>\n<img loading=\"lazy\" decoding=\"async\" src=\"https:\/\/www.stademonia.com\/wp-content\/uploads\/2020\/11\/StaDemoniaTattooStockholmLinksQrab-300x300.jpg\" sizes=\"auto, (max-width: 300px) 100vw, 300px\" srcset=\"https:\/\/www.stademonia.com\/wp-content\/uploads\/2020\/11\/StaDemoniaTattooStockholmLinksQrab.jpg 300w, https:\/\/www.stademonia.com\/wp-content\/uploads\/2020\/11\/StaDemoniaTattooStockholmLinksQrab-150x150.jpg 150w\" alt=\"\" width=\"300\" height=\"300\" \/><\/a><\/p>\n<h2><a href=\"http:\/\/www.qrab.org\/\" target=\"_blank\" rel=\"noopener noreferrer\">QRAB<\/a><\/h2>\n<p><a href=\"http:\/\/www.qrab.org\/\">Queerr\u00f6relsens Arkiv och Bibliotek<\/a> collects, arranges, preserves and makes available documentation and information about queer movements and people.<\/p>\n<p><a href=\"https:\/\/poddtoppen.se\/podcast\/1437904293\/queerstory\" target=\"_blank\" rel=\"noopener noreferrer\"><br \/>\n<img loading=\"lazy\" decoding=\"async\" src=\"https:\/\/www.stademonia.com\/wp-content\/uploads\/2020\/11\/StaDemoniaTattooStockholmLinksQueerstory-1-300x300.jpg\" sizes=\"auto, (max-width: 300px) 100vw, 300px\" srcset=\"https:\/\/www.stademonia.com\/wp-content\/uploads\/2020\/11\/StaDemoniaTattooStockholmLinksQueerstory-1.jpg 300w, https:\/\/www.stademonia.com\/wp-content\/uploads\/2020\/11\/StaDemoniaTattooStockholmLinksQueerstory-1-150x150.jpg 150w\" alt=\"\" width=\"300\" height=\"300\" \/><\/a><\/p>\n<h2><a href=\"https:\/\/poddtoppen.se\/podcast\/1437904293\/queerstory\" target=\"_blank\" rel=\"noopener noreferrer\">Queerstory<\/a><\/h2>\n<p><a href=\"https:\/\/poddtoppen.se\/podcast\/1437904293\/queerstory\">Queerstory<\/a> is a pod and conversation archive with various LGBTQI people who have changed our lives.<\/p>\n<p><a href=\"https:\/\/www.facebook.com\/loudgrrrlsthlm\/\" target=\"_blank\" rel=\"noopener noreferrer\"><br \/>\n<img loading=\"lazy\" decoding=\"async\" src=\"https:\/\/www.stademonia.com\/wp-content\/uploads\/2018\/11\/StaDemoniaTattooStockholmLoudGrrrl.jpg\" sizes=\"auto, (max-width: 300px) 100vw, 300px\" srcset=\"https:\/\/www.stademonia.com\/wp-content\/uploads\/2018\/11\/StaDemoniaTattooStockholmLoudGrrrl.jpg 300w, https:\/\/www.stademonia.com\/wp-content\/uploads\/2018\/11\/StaDemoniaTattooStockholmLoudGrrrl-150x150.jpg 150w\" alt=\"I en vid\u00f6ppen rosa mun med t\u00e4nder kan texten Loud Grrl l\u00e4sas.\" width=\"300\" height=\"300\" \/><\/a><\/p>\n<h2><a href=\"https:\/\/www.facebook.com\/loudgrrrlsthlm\/\" target=\"_blank\" rel=\"noopener noreferrer\">Loud Grrrl Sthlm<\/a><\/h2>\n<p><a href=\"https:\/\/www.facebook.com\/loudgrrrlsthlm\/\">Loud Grrrl Sthlm<\/a> wants to create safe spaces where people who identify as women and non-binaries can create together. Lots of music and Pwrrrr!<\/p>\n<p><a href=\"https:\/\/instagram.com\/sta.demonia_tattoo_stockholm\/\" target=\"_blank\" rel=\"noopener noreferrer\">\u00a0<\/a>[\/vc_column_text][\/vc_column][vc_column width=&#8221;1\/4&#8243;][\/vc_column][\/vc_row]<\/p>\n<\/div>","protected":false},"excerpt":{"rendered":"<p>[vc_row css_animation=&#8221;&#8221; row_type=&#8221;row&#8221; use_row_as_full_screen_section=&#8221;no&#8221; type=&#8221;full_width&#8221; angled_section=&#8221;no&#8221; text_align=&#8221;left&#8221; background_image_as_pattern=&#8221;without_pattern&#8221;][vc_column width=&#8221;1\/4&#8243;][\/vc_column][vc_column width=&#8221;1\/2&#8243;][vc_column_text] Our Life Saving Links do not always have to do with tattoos, almost not at all, but everything is connected. Here you will find people\/groups who work with art, politics, important matters about queer life,&#8230;<\/p>\n","protected":false},"author":1,"featured_media":0,"parent":0,"menu_order":0,"comment_status":"closed","ping_status":"closed","template":"","meta":{"footnotes":""},"class_list":["post-74","page","type-page","status-publish","hentry"],"yoast_head":"<!-- This site is optimized with the Yoast SEO plugin v26.7 - https:\/\/yoast.com\/wordpress\/plugins\/seo\/ -->\n<title>StaDemonia Tattoo Stockholm -Queer links<\/title>\n<meta name=\"description\" content=\"StaDemonia Tattoo Stockholm is Queer art and Vegan Tattoos in Stockholm. Here you find lgtbqi+ tattooers and art.\" \/>\n<meta name=\"robots\" content=\"index, follow, max-snippet:-1, max-image-preview:large, max-video-preview:-1\" \/>\n<link rel=\"canonical\" href=\"https:\/\/stademonia.com\/english\/queer-links\/\" \/>\n<meta property=\"og:locale\" content=\"sv_SE\" \/>\n<meta property=\"og:type\" content=\"article\" \/>\n<meta property=\"og:title\" content=\"StaDemonia Tattoo Stockholm -Queer links\" \/>\n<meta property=\"og:description\" content=\"StaDemonia Tattoo Stockholm is Queer art and Vegan Tattoos in Stockholm. Here you find lgtbqi+ tattooers and art.\" \/>\n<meta property=\"og:url\" content=\"https:\/\/stademonia.com\/english\/queer-links\/\" \/>\n<meta property=\"og:site_name\" content=\"StaDemonia English\" \/>\n<meta property=\"article:modified_time\" content=\"2022-04-08T12:02:51+00:00\" \/>\n<meta property=\"og:image\" content=\"https:\/\/www.stademonia.com\/wp-content\/uploads\/2018\/11\/StaDemoniaTattooStockholmRegnbagsskalle.jpg\" \/>\n<meta name=\"twitter:card\" content=\"summary_large_image\" \/>\n<meta name=\"twitter:label1\" content=\"Ber\u00e4knad l\u00e4stid\" \/>\n\t<meta name=\"twitter:data1\" content=\"1 minut\" \/>\n<script type=\"application\/ld+json\" class=\"yoast-schema-graph\">{\"@context\":\"https:\/\/schema.org\",\"@graph\":[{\"@type\":\"WebPage\",\"@id\":\"https:\/\/stademonia.com\/english\/queer-links\/\",\"url\":\"https:\/\/stademonia.com\/english\/queer-links\/\",\"name\":\"StaDemonia Tattoo Stockholm -Queer links\",\"isPartOf\":{\"@id\":\"https:\/\/stademonia.com\/english\/#website\"},\"primaryImageOfPage\":{\"@id\":\"https:\/\/stademonia.com\/english\/queer-links\/#primaryimage\"},\"image\":{\"@id\":\"https:\/\/stademonia.com\/english\/queer-links\/#primaryimage\"},\"thumbnailUrl\":\"https:\/\/www.stademonia.com\/wp-content\/uploads\/2018\/11\/StaDemoniaTattooStockholmRegnbagsskalle.jpg\",\"datePublished\":\"2021-10-19T15:07:23+00:00\",\"dateModified\":\"2022-04-08T12:02:51+00:00\",\"description\":\"StaDemonia Tattoo Stockholm is Queer art and Vegan Tattoos in Stockholm. Here you find lgtbqi+ tattooers and art.\",\"breadcrumb\":{\"@id\":\"https:\/\/stademonia.com\/english\/queer-links\/#breadcrumb\"},\"inLanguage\":\"sv-SE\",\"potentialAction\":[{\"@type\":\"ReadAction\",\"target\":[\"https:\/\/stademonia.com\/english\/queer-links\/\"]}]},{\"@type\":\"ImageObject\",\"inLanguage\":\"sv-SE\",\"@id\":\"https:\/\/stademonia.com\/english\/queer-links\/#primaryimage\",\"url\":\"https:\/\/www.stademonia.com\/wp-content\/uploads\/2018\/11\/StaDemoniaTattooStockholmRegnbagsskalle.jpg\",\"contentUrl\":\"https:\/\/www.stademonia.com\/wp-content\/uploads\/2018\/11\/StaDemoniaTattooStockholmRegnbagsskalle.jpg\"},{\"@type\":\"BreadcrumbList\",\"@id\":\"https:\/\/stademonia.com\/english\/queer-links\/#breadcrumb\",\"itemListElement\":[{\"@type\":\"ListItem\",\"position\":1,\"name\":\"Hem\",\"item\":\"https:\/\/stademonia.com\/english\/\"},{\"@type\":\"ListItem\",\"position\":2,\"name\":\"queer links\"}]},{\"@type\":\"WebSite\",\"@id\":\"https:\/\/stademonia.com\/english\/#website\",\"url\":\"https:\/\/stademonia.com\/english\/\",\"name\":\"StaDemonia English\",\"description\":\"\u00c4nnu en WordPress-webbplats\",\"potentialAction\":[{\"@type\":\"SearchAction\",\"target\":{\"@type\":\"EntryPoint\",\"urlTemplate\":\"https:\/\/stademonia.com\/english\/?s={search_term_string}\"},\"query-input\":{\"@type\":\"PropertyValueSpecification\",\"valueRequired\":true,\"valueName\":\"search_term_string\"}}],\"inLanguage\":\"sv-SE\"}]}<\/script>\n<!-- \/ Yoast SEO plugin. -->","yoast_head_json":{"title":"StaDemonia Tattoo Stockholm -Queer links","description":"StaDemonia Tattoo Stockholm is Queer art and Vegan Tattoos in Stockholm. Here you find lgtbqi+ tattooers and art.","robots":{"index":"index","follow":"follow","max-snippet":"max-snippet:-1","max-image-preview":"max-image-preview:large","max-video-preview":"max-video-preview:-1"},"canonical":"https:\/\/stademonia.com\/english\/queer-links\/","og_locale":"sv_SE","og_type":"article","og_title":"StaDemonia Tattoo Stockholm -Queer links","og_description":"StaDemonia Tattoo Stockholm is Queer art and Vegan Tattoos in Stockholm. Here you find lgtbqi+ tattooers and art.","og_url":"https:\/\/stademonia.com\/english\/queer-links\/","og_site_name":"StaDemonia English","article_modified_time":"2022-04-08T12:02:51+00:00","og_image":[{"url":"https:\/\/www.stademonia.com\/wp-content\/uploads\/2018\/11\/StaDemoniaTattooStockholmRegnbagsskalle.jpg","type":"","width":"","height":""}],"twitter_card":"summary_large_image","twitter_misc":{"Ber\u00e4knad l\u00e4stid":"1 minut"},"schema":{"@context":"https:\/\/schema.org","@graph":[{"@type":"WebPage","@id":"https:\/\/stademonia.com\/english\/queer-links\/","url":"https:\/\/stademonia.com\/english\/queer-links\/","name":"StaDemonia Tattoo Stockholm -Queer links","isPartOf":{"@id":"https:\/\/stademonia.com\/english\/#website"},"primaryImageOfPage":{"@id":"https:\/\/stademonia.com\/english\/queer-links\/#primaryimage"},"image":{"@id":"https:\/\/stademonia.com\/english\/queer-links\/#primaryimage"},"thumbnailUrl":"https:\/\/www.stademonia.com\/wp-content\/uploads\/2018\/11\/StaDemoniaTattooStockholmRegnbagsskalle.jpg","datePublished":"2021-10-19T15:07:23+00:00","dateModified":"2022-04-08T12:02:51+00:00","description":"StaDemonia Tattoo Stockholm is Queer art and Vegan Tattoos in Stockholm. Here you find lgtbqi+ tattooers and art.","breadcrumb":{"@id":"https:\/\/stademonia.com\/english\/queer-links\/#breadcrumb"},"inLanguage":"sv-SE","potentialAction":[{"@type":"ReadAction","target":["https:\/\/stademonia.com\/english\/queer-links\/"]}]},{"@type":"ImageObject","inLanguage":"sv-SE","@id":"https:\/\/stademonia.com\/english\/queer-links\/#primaryimage","url":"https:\/\/www.stademonia.com\/wp-content\/uploads\/2018\/11\/StaDemoniaTattooStockholmRegnbagsskalle.jpg","contentUrl":"https:\/\/www.stademonia.com\/wp-content\/uploads\/2018\/11\/StaDemoniaTattooStockholmRegnbagsskalle.jpg"},{"@type":"BreadcrumbList","@id":"https:\/\/stademonia.com\/english\/queer-links\/#breadcrumb","itemListElement":[{"@type":"ListItem","position":1,"name":"Hem","item":"https:\/\/stademonia.com\/english\/"},{"@type":"ListItem","position":2,"name":"queer links"}]},{"@type":"WebSite","@id":"https:\/\/stademonia.com\/english\/#website","url":"https:\/\/stademonia.com\/english\/","name":"StaDemonia English","description":"\u00c4nnu en WordPress-webbplats","potentialAction":[{"@type":"SearchAction","target":{"@type":"EntryPoint","urlTemplate":"https:\/\/stademonia.com\/english\/?s={search_term_string}"},"query-input":{"@type":"PropertyValueSpecification","valueRequired":true,"valueName":"search_term_string"}}],"inLanguage":"sv-SE"}]}},"_links":{"self":[{"href":"https:\/\/stademonia.com\/english\/wp-json\/wp\/v2\/pages\/74","targetHints":{"allow":["GET"]}}],"collection":[{"href":"https:\/\/stademonia.com\/english\/wp-json\/wp\/v2\/pages"}],"about":[{"href":"https:\/\/stademonia.com\/english\/wp-json\/wp\/v2\/types\/page"}],"author":[{"embeddable":true,"href":"https:\/\/stademonia.com\/english\/wp-json\/wp\/v2\/users\/1"}],"replies":[{"embeddable":true,"href":"https:\/\/stademonia.com\/english\/wp-json\/wp\/v2\/comments?post=74"}],"version-history":[{"count":4,"href":"https:\/\/stademonia.com\/english\/wp-json\/wp\/v2\/pages\/74\/revisions"}],"predecessor-version":[{"id":462,"href":"https:\/\/stademonia.com\/english\/wp-json\/wp\/v2\/pages\/74\/revisions\/462"}],"wp:attachment":[{"href":"https:\/\/stademonia.com\/english\/wp-json\/wp\/v2\/media?parent=74"}],"curies":[{"name":"wp","href":"https:\/\/api.w.org\/{rel}","templated":true}]}}