{"id":35,"date":"2021-06-21T09:20:03","date_gmt":"2021-06-21T07:20:03","guid":{"rendered":"https:\/\/stademonia.com\/21\/?page_id=35"},"modified":"2025-05-21T16:30:45","modified_gmt":"2025-05-21T14:30:45","slug":"home","status":"publish","type":"page","link":"https:\/\/stademonia.com\/english\/","title":{"rendered":"Home"},"content":{"rendered":"<div class=\"wpb-content-wrapper\"><p>[vc_row css_animation=&#8221;&#8221; row_type=&#8221;row&#8221; use_row_as_full_screen_section=&#8221;no&#8221; type=&#8221;full_width&#8221; angled_section=&#8221;no&#8221; text_align=&#8221;left&#8221; background_image_as_pattern=&#8221;without_pattern&#8221;][vc_column][vc_single_image image=&#8221;54&#8243; img_size=&#8221;full&#8221; qode_css_animation=&#8221;&#8221;][\/vc_column][\/vc_row][vc_row css_animation=&#8221;&#8221; row_type=&#8221;row&#8221; use_row_as_full_screen_section=&#8221;no&#8221; type=&#8221;full_width&#8221; angled_section=&#8221;no&#8221; text_align=&#8221;left&#8221; background_image_as_pattern=&#8221;without_pattern&#8221;][vc_column][vc_empty_space][\/vc_column][\/vc_row][vc_row css_animation=&#8221;&#8221; row_type=&#8221;row&#8221; use_row_as_full_screen_section=&#8221;no&#8221; type=&#8221;grid&#8221; angled_section=&#8221;no&#8221; text_align=&#8221;left&#8221; background_image_as_pattern=&#8221;without_pattern&#8221; z_index=&#8221;&#8221;][vc_column]\n<div class='latest_post_holder boxes four_columns one_row' >\n    <ul>\n    \n        <li class=\"clearfix\">\n            <div class=\"boxes_image\">\n                                <a itemprop=\"url\" href=\"https:\/\/stademonia.com\/english\/2026\/04\/30\/exhibition-queer-tattoo-history-stories-in-english\/\"><img loading=\"lazy\" decoding=\"async\" width=\"485\" height=\"600\" src=\"https:\/\/stademonia.com\/english\/wp-content\/uploads\/2026\/04\/QueerTattooHistoryStoriesBook.jpg\" class=\"attachment-portfolio-landscape size-portfolio-landscape wp-post-image\" alt=\"\" \/><\/a>\n            <\/div>\n            <div class=\"latest_post\"  >\n                <div class=\"latest_post_text\">\n                    <div class=\"latest_post_inner\">\n                        <div class=\"latest_post_text_inner\">\n                            <h3 itemprop=\"name\" class=\"latest_post_title entry_title\"><a itemprop=\"url\" href=\"https:\/\/stademonia.com\/english\/2026\/04\/30\/exhibition-queer-tattoo-history-stories-in-english\/\">Queer Tattoo History \/ Stories in English!<\/a><\/h3>\n                            <p class=\"excerpt\">\/Sta.Demonia Tattoo Stockholm 2026.04.30\/ For English speaking tattoo lovers! Tattoo History \/ Stories arrived! Find it at StaDemonia Tattoo Stockholm or online book stores, with beautiful photos by Del LaGrace Volcano and history chapter by Helena Meyer. Sara Swanson and Vera Wentzel has made the......<\/p>\n                            <span class=\"post_infos\">\n                                                                    <span class=\"date_hour_holder\">\n                                        <span itemprop=\"dateCreated\" class=\"date entry_date updated\">30 april, 2026 <meta itemprop=\"interactionCount\" content=\"UserComments: 0\"\/><\/span>\n                                    <\/span>\n                                                                                                \n                                \n                                                            <\/span>\n                        <\/div>\n                    <\/div>\n                <\/div>\n            <\/div>\n        <\/li>\n    \n        <li class=\"clearfix\">\n            <div class=\"boxes_image\">\n                                <a itemprop=\"url\" href=\"https:\/\/stademonia.com\/english\/2026\/04\/28\/exhibition-queer-tattoo-history-stories\/\"><img loading=\"lazy\" decoding=\"async\" width=\"440\" height=\"600\" src=\"https:\/\/stademonia.com\/english\/wp-content\/uploads\/2026\/04\/StaDemoniaTattooStockholmQueerTatueringshistoriaHouseOfQ.jpeg\" class=\"attachment-portfolio-landscape size-portfolio-landscape wp-post-image\" alt=\"Colorful photo of a person with shaved head from the back. You see a small old rose tattoo on their sholder.\" \/><\/a>\n            <\/div>\n            <div class=\"latest_post\"  >\n                <div class=\"latest_post_text\">\n                    <div class=\"latest_post_inner\">\n                        <div class=\"latest_post_text_inner\">\n                            <h3 itemprop=\"name\" class=\"latest_post_title entry_title\"><a itemprop=\"url\" href=\"https:\/\/stademonia.com\/english\/2026\/04\/28\/exhibition-queer-tattoo-history-stories\/\">Exhibition Queer Tattoo History \/ Stories!<\/a><\/h3>\n                            <p class=\"excerpt\">\/Sta.Demonia Tattoo Stockholm 2026.04.28\/ Welcome to see the exhibition Queer Tatueringshistoria \/ Historier at House of Q! April 25 &#8211; May30th, Tues-Fri 10-18 and Sat 12-20 hs. House of Q, Malmv\u00e4gen 1 (T-bana G\u00e4rdet eller buss 76 fr\u00e5n Slussen). \u00a0 Sara Swanson has collected memories......<\/p>\n                            <span class=\"post_infos\">\n                                                                    <span class=\"date_hour_holder\">\n                                        <span itemprop=\"dateCreated\" class=\"date entry_date updated\">28 april, 2026 <meta itemprop=\"interactionCount\" content=\"UserComments: 0\"\/><\/span>\n                                    <\/span>\n                                                                                                \n                                \n                                                            <\/span>\n                        <\/div>\n                    <\/div>\n                <\/div>\n            <\/div>\n        <\/li>\n    \n        <li class=\"clearfix\">\n            <div class=\"boxes_image\">\n                                <a itemprop=\"url\" href=\"https:\/\/stademonia.com\/english\/2026\/04\/20\/screening-a-body-to-live-in-vernissage-queer-tattoo-history-stories\/\"><img loading=\"lazy\" decoding=\"async\" width=\"800\" height=\"568\" src=\"https:\/\/stademonia.com\/english\/wp-content\/uploads\/2026\/02\/StaDemoniaTattooStockholmHouseOfQ.jpeg\" class=\"attachment-portfolio-landscape size-portfolio-landscape wp-post-image\" alt=\"\" \/><\/a>\n            <\/div>\n            <div class=\"latest_post\"  >\n                <div class=\"latest_post_text\">\n                    <div class=\"latest_post_inner\">\n                        <div class=\"latest_post_text_inner\">\n                            <h3 itemprop=\"name\" class=\"latest_post_title entry_title\"><a itemprop=\"url\" href=\"https:\/\/stademonia.com\/english\/2026\/04\/20\/screening-a-body-to-live-in-vernissage-queer-tattoo-history-stories\/\">Screening A body to live in + Vernissage Queer Tattoo History \/ Stories!<\/a><\/h3>\n                            <p class=\"excerpt\">\/Sta.Demonia Tattoo Stockholm 2026.02.19\/ Warmly welcome 25\/4 at 15-22 hs to vernissage of the exhibition Queer Tatueringshistoria \/ Historier at House of Q! Sara Swanson from StaDemonia Tattoo Stockholm has interviewed queers who got tattooed during the 70s and 80s and photographer Del LaGrace Volcano......<\/p>\n                            <span class=\"post_infos\">\n                                                                    <span class=\"date_hour_holder\">\n                                        <span itemprop=\"dateCreated\" class=\"date entry_date updated\">20 april, 2026 <meta itemprop=\"interactionCount\" content=\"UserComments: 0\"\/><\/span>\n                                    <\/span>\n                                                                                                \n                                \n                                                            <\/span>\n                        <\/div>\n                    <\/div>\n                <\/div>\n            <\/div>\n        <\/li>\n    \n        <li class=\"clearfix\">\n            <div class=\"boxes_image\">\n                                <a itemprop=\"url\" href=\"https:\/\/stademonia.com\/english\/2026\/04\/20\/milo-guest-tattooer-at-sta-demonia-tattoo-stockholm\/\"><img loading=\"lazy\" decoding=\"async\" width=\"600\" height=\"600\" src=\"https:\/\/stademonia.com\/english\/wp-content\/uploads\/2026\/04\/StaDemoniaTattooStockholmGuestMilo.jpeg\" class=\"attachment-portfolio-landscape size-portfolio-landscape wp-post-image\" alt=\"\" \/><\/a>\n            <\/div>\n            <div class=\"latest_post\"  >\n                <div class=\"latest_post_text\">\n                    <div class=\"latest_post_inner\">\n                        <div class=\"latest_post_text_inner\">\n                            <h3 itemprop=\"name\" class=\"latest_post_title entry_title\"><a itemprop=\"url\" href=\"https:\/\/stademonia.com\/english\/2026\/04\/20\/milo-guest-tattooer-at-sta-demonia-tattoo-stockholm\/\">Milo guest tattooer at Sta.Demonia Tattoo Stockholm!<\/a><\/h3>\n                            <p class=\"excerpt\">\/StaDemonia Tattoo Stockholm 2026.04.20\/ May 2+3rd Milo from Germany will be guest tattooing with us at StaDemonia Tattoo Stockholm! For info and bookings, write directly to insta @milo_tattu! &#8212; Write to sara@stademonia.com if you have questions or want to suggest an artist you think we......<\/p>\n                            <span class=\"post_infos\">\n                                                                    <span class=\"date_hour_holder\">\n                                        <span itemprop=\"dateCreated\" class=\"date entry_date updated\">20 april, 2026 <meta itemprop=\"interactionCount\" content=\"UserComments: 0\"\/><\/span>\n                                    <\/span>\n                                                                                                \n                                \n                                                            <\/span>\n                        <\/div>\n                    <\/div>\n                <\/div>\n            <\/div>\n        <\/li>\n        <\/ul>\n<\/div>[\/vc_column][\/vc_row][vc_row row_type=&#8221;parallax&#8221; parallax_content_width=&#8221;in_grid&#8221; text_align=&#8221;center&#8221; full_screen_section_height=&#8221;yes&#8221; vertically_align_content_in_middle=&#8221;yes&#8221; background_image=&#8221;1143&#8243;][vc_column width=&#8221;1\/4&#8243;][\/vc_column][vc_column width=&#8221;1\/2&#8243;][vc_column_text css=&#8221;.vc_custom_1747837843871{padding-top: 30px !important;padding-right: 30px !important;padding-bottom: 30px !important;padding-left: 30px !important;background-color: rgba(0,0,0,0.73) !important;*background-color: rgb(0,0,0) !important;border-radius: 3px !important;}&#8221;]<\/p>\n<h2 style=\"text-align: center;\"><em><a class=\"notranslate\" tabindex=\"0\" href=\"https:\/\/www.instagram.com\/soledad.a.a.r\/\">@soledad.a.a.r<\/a> <a class=\"notranslate\" tabindex=\"0\" href=\"https:\/\/www.instagram.com\/sara_sta.demonia_tattoo\/\">@sara_sta.demonia_tattoo<\/a> <a class=\"notranslate\" tabindex=\"0\" href=\"https:\/\/www.instagram.com\/alexcfourpotattoo\/\">@alexcfourpotattoo <\/a>\u00a0<\/em><em><a class=\"notranslate\" tabindex=\"0\" href=\"https:\/\/www.instagram.com\/santxdemonix\/\">@santxdemonix<\/a> <a href=\"http:\/\/instagram.com\/butcher_queen.tattoos\">@butcher_queen.tattoos<\/a> <a href=\"http:\/\/instagram.com\/eva.betjes\">@eva.betjes<\/a> <a href=\"http:\/\/sadgaydontcry\">@sadgaydontcry<\/a><\/em><\/h2>\n<p>[\/vc_column_text][\/vc_column][vc_column width=&#8221;1\/4&#8243;][\/vc_column][\/vc_row][vc_row css_animation=&#8221;&#8221; row_type=&#8221;row&#8221; use_row_as_full_screen_section=&#8221;no&#8221; type=&#8221;full_width&#8221; angled_section=&#8221;no&#8221; text_align=&#8221;left&#8221; background_image_as_pattern=&#8221;without_pattern&#8221;][vc_column][vc_empty_space][\/vc_column][\/vc_row][vc_row css_animation=&#8221;&#8221; row_type=&#8221;row&#8221; use_row_as_full_screen_section=&#8221;no&#8221; type=&#8221;full_width&#8221; angled_section=&#8221;no&#8221; text_align=&#8221;left&#8221; background_image_as_pattern=&#8221;without_pattern&#8221;][vc_column][vc_empty_space][\/vc_column][\/vc_row]<\/p>\n<\/div>","protected":false},"excerpt":{"rendered":"<p>[vc_row css_animation=&#8221;&#8221; row_type=&#8221;row&#8221; use_row_as_full_screen_section=&#8221;no&#8221; type=&#8221;full_width&#8221; angled_section=&#8221;no&#8221; text_align=&#8221;left&#8221; background_image_as_pattern=&#8221;without_pattern&#8221;][vc_column][vc_single_image image=&#8221;54&#8243; img_size=&#8221;full&#8221; qode_css_animation=&#8221;&#8221;][\/vc_column][\/vc_row][vc_row css_animation=&#8221;&#8221; row_type=&#8221;row&#8221; use_row_as_full_screen_section=&#8221;no&#8221; type=&#8221;full_width&#8221; angled_section=&#8221;no&#8221; text_align=&#8221;left&#8221; background_image_as_pattern=&#8221;without_pattern&#8221;][vc_column][vc_empty_space][\/vc_column][\/vc_row][vc_row css_animation=&#8221;&#8221; row_type=&#8221;row&#8221; use_row_as_full_screen_section=&#8221;no&#8221; type=&#8221;grid&#8221; angled_section=&#8221;no&#8221; text_align=&#8221;left&#8221; background_image_as_pattern=&#8221;without_pattern&#8221; z_index=&#8221;&#8221;][vc_column][\/vc_column][\/vc_row][vc_row row_type=&#8221;parallax&#8221; parallax_content_width=&#8221;in_grid&#8221; text_align=&#8221;center&#8221; full_screen_section_height=&#8221;yes&#8221; vertically_align_content_in_middle=&#8221;yes&#8221; background_image=&#8221;1143&#8243;][vc_column width=&#8221;1\/4&#8243;][\/vc_column][vc_column width=&#8221;1\/2&#8243;][vc_column_text css=&#8221;.vc_custom_1747837843871{padding-top: 30px !important;padding-right: 30px !important;padding-bottom: 30px !important;padding-left: 30px !important;background-color: rgba(0,0,0,0.73) !important;*background-color:&#8230;<\/p>\n","protected":false},"author":1,"featured_media":0,"parent":0,"menu_order":0,"comment_status":"closed","ping_status":"closed","template":"full_width.php","meta":{"footnotes":""},"class_list":["post-35","page","type-page","status-publish","hentry"],"yoast_head":"<!-- This site is optimized with the Yoast SEO plugin v26.7 - https:\/\/yoast.com\/wordpress\/plugins\/seo\/ -->\n<title>StaDemonia Tattoo Stockholm -Queer tattooers in Stockholm!<\/title>\n<meta name=\"description\" content=\"StaDemonia Tattoo Stockholm is Queer art and Vegan Tattoos in Stockholm. Here you find lgtbqi+ tattooers and art.\" \/>\n<meta name=\"robots\" content=\"index, follow, max-snippet:-1, max-image-preview:large, max-video-preview:-1\" \/>\n<link rel=\"canonical\" href=\"https:\/\/stademonia.com\/english\/\" \/>\n<meta property=\"og:locale\" content=\"sv_SE\" \/>\n<meta property=\"og:type\" content=\"article\" \/>\n<meta property=\"og:title\" content=\"StaDemonia Tattoo Stockholm -Queer tattooers in Stockholm!\" \/>\n<meta property=\"og:description\" content=\"StaDemonia Tattoo Stockholm is Queer art and Vegan Tattoos in Stockholm. Here you find lgtbqi+ tattooers and art.\" \/>\n<meta property=\"og:url\" content=\"https:\/\/stademonia.com\/english\/\" \/>\n<meta property=\"og:site_name\" content=\"StaDemonia English\" \/>\n<meta property=\"article:modified_time\" content=\"2025-05-21T14:30:45+00:00\" \/>\n<meta name=\"twitter:card\" content=\"summary_large_image\" \/>\n<meta name=\"twitter:label1\" content=\"Ber\u00e4knad l\u00e4stid\" \/>\n\t<meta name=\"twitter:data1\" content=\"1 minut\" \/>\n<script type=\"application\/ld+json\" class=\"yoast-schema-graph\">{\"@context\":\"https:\/\/schema.org\",\"@graph\":[{\"@type\":\"WebPage\",\"@id\":\"https:\/\/stademonia.com\/english\/\",\"url\":\"https:\/\/stademonia.com\/english\/\",\"name\":\"StaDemonia Tattoo Stockholm -Queer tattooers in Stockholm!\",\"isPartOf\":{\"@id\":\"https:\/\/stademonia.com\/english\/#website\"},\"datePublished\":\"2021-06-21T07:20:03+00:00\",\"dateModified\":\"2025-05-21T14:30:45+00:00\",\"description\":\"StaDemonia Tattoo Stockholm is Queer art and Vegan Tattoos in Stockholm. Here you find lgtbqi+ tattooers and art.\",\"breadcrumb\":{\"@id\":\"https:\/\/stademonia.com\/english\/#breadcrumb\"},\"inLanguage\":\"sv-SE\",\"potentialAction\":[{\"@type\":\"ReadAction\",\"target\":[\"https:\/\/stademonia.com\/english\/\"]}]},{\"@type\":\"BreadcrumbList\",\"@id\":\"https:\/\/stademonia.com\/english\/#breadcrumb\",\"itemListElement\":[{\"@type\":\"ListItem\",\"position\":1,\"name\":\"Hem\",\"item\":\"https:\/\/stademonia.com\/english\/\"},{\"@type\":\"ListItem\",\"position\":2,\"name\":\"Home\"}]},{\"@type\":\"WebSite\",\"@id\":\"https:\/\/stademonia.com\/english\/#website\",\"url\":\"https:\/\/stademonia.com\/english\/\",\"name\":\"StaDemonia English\",\"description\":\"\u00c4nnu en WordPress-webbplats\",\"potentialAction\":[{\"@type\":\"SearchAction\",\"target\":{\"@type\":\"EntryPoint\",\"urlTemplate\":\"https:\/\/stademonia.com\/english\/?s={search_term_string}\"},\"query-input\":{\"@type\":\"PropertyValueSpecification\",\"valueRequired\":true,\"valueName\":\"search_term_string\"}}],\"inLanguage\":\"sv-SE\"}]}<\/script>\n<!-- \/ Yoast SEO plugin. -->","yoast_head_json":{"title":"StaDemonia Tattoo Stockholm -Queer tattooers in Stockholm!","description":"StaDemonia Tattoo Stockholm is Queer art and Vegan Tattoos in Stockholm. Here you find lgtbqi+ tattooers and art.","robots":{"index":"index","follow":"follow","max-snippet":"max-snippet:-1","max-image-preview":"max-image-preview:large","max-video-preview":"max-video-preview:-1"},"canonical":"https:\/\/stademonia.com\/english\/","og_locale":"sv_SE","og_type":"article","og_title":"StaDemonia Tattoo Stockholm -Queer tattooers in Stockholm!","og_description":"StaDemonia Tattoo Stockholm is Queer art and Vegan Tattoos in Stockholm. Here you find lgtbqi+ tattooers and art.","og_url":"https:\/\/stademonia.com\/english\/","og_site_name":"StaDemonia English","article_modified_time":"2025-05-21T14:30:45+00:00","twitter_card":"summary_large_image","twitter_misc":{"Ber\u00e4knad l\u00e4stid":"1 minut"},"schema":{"@context":"https:\/\/schema.org","@graph":[{"@type":"WebPage","@id":"https:\/\/stademonia.com\/english\/","url":"https:\/\/stademonia.com\/english\/","name":"StaDemonia Tattoo Stockholm -Queer tattooers in Stockholm!","isPartOf":{"@id":"https:\/\/stademonia.com\/english\/#website"},"datePublished":"2021-06-21T07:20:03+00:00","dateModified":"2025-05-21T14:30:45+00:00","description":"StaDemonia Tattoo Stockholm is Queer art and Vegan Tattoos in Stockholm. Here you find lgtbqi+ tattooers and art.","breadcrumb":{"@id":"https:\/\/stademonia.com\/english\/#breadcrumb"},"inLanguage":"sv-SE","potentialAction":[{"@type":"ReadAction","target":["https:\/\/stademonia.com\/english\/"]}]},{"@type":"BreadcrumbList","@id":"https:\/\/stademonia.com\/english\/#breadcrumb","itemListElement":[{"@type":"ListItem","position":1,"name":"Hem","item":"https:\/\/stademonia.com\/english\/"},{"@type":"ListItem","position":2,"name":"Home"}]},{"@type":"WebSite","@id":"https:\/\/stademonia.com\/english\/#website","url":"https:\/\/stademonia.com\/english\/","name":"StaDemonia English","description":"\u00c4nnu en WordPress-webbplats","potentialAction":[{"@type":"SearchAction","target":{"@type":"EntryPoint","urlTemplate":"https:\/\/stademonia.com\/english\/?s={search_term_string}"},"query-input":{"@type":"PropertyValueSpecification","valueRequired":true,"valueName":"search_term_string"}}],"inLanguage":"sv-SE"}]}},"_links":{"self":[{"href":"https:\/\/stademonia.com\/english\/wp-json\/wp\/v2\/pages\/35","targetHints":{"allow":["GET"]}}],"collection":[{"href":"https:\/\/stademonia.com\/english\/wp-json\/wp\/v2\/pages"}],"about":[{"href":"https:\/\/stademonia.com\/english\/wp-json\/wp\/v2\/types\/page"}],"author":[{"embeddable":true,"href":"https:\/\/stademonia.com\/english\/wp-json\/wp\/v2\/users\/1"}],"replies":[{"embeddable":true,"href":"https:\/\/stademonia.com\/english\/wp-json\/wp\/v2\/comments?post=35"}],"version-history":[{"count":10,"href":"https:\/\/stademonia.com\/english\/wp-json\/wp\/v2\/pages\/35\/revisions"}],"predecessor-version":[{"id":1275,"href":"https:\/\/stademonia.com\/english\/wp-json\/wp\/v2\/pages\/35\/revisions\/1275"}],"wp:attachment":[{"href":"https:\/\/stademonia.com\/english\/wp-json\/wp\/v2\/media?parent=35"}],"curies":[{"name":"wp","href":"https:\/\/api.w.org\/{rel}","templated":true}]}}