{"id":482,"date":"2023-01-24T13:24:33","date_gmt":"2023-01-24T12:24:33","guid":{"rendered":"https:\/\/stademonia.com\/21\/?page_id=482"},"modified":"2024-04-16T19:37:33","modified_gmt":"2024-04-16T17:37:33","slug":"queer-tattoo-expo-2023","status":"publish","type":"page","link":"https:\/\/stademonia.com\/21\/queer-tattoo-expo-2023\/","title":{"rendered":"Queer Tattoo Expo 2023"},"content":{"rendered":"<div class=\"wpb-content-wrapper\"><p>[vc_row css_animation=&#8221;&#8221; row_type=&#8221;row&#8221; use_row_as_full_screen_section=&#8221;no&#8221; type=&#8221;full_width&#8221; angled_section=&#8221;no&#8221; text_align=&#8221;left&#8221; background_image_as_pattern=&#8221;without_pattern&#8221; z_index=&#8221;&#8221; padding_top=&#8221;100&#8243;][vc_column width=&#8221;2\/3&#8243;][vc_column_text]<\/p>\n<h1>QUEER TATTOO EXPO 2023<\/h1>\n<p>Uppdatering: I \u00e5r 2024 beh\u00f6ver vi l\u00e4gga all v\u00e5r energi p\u00e5 att s\u00e4kra att v\u00e5r bas StaDemonia Tattoo Stockholm \u00f6verlever. Efter sv\u00e5ra \u00e5r med covid, krisig och v\u00e5ldsam omv\u00e4rld, hyresh\u00f6jningar och sv\u00e5ra personliga erfarenheter, \u00a0beh\u00f6ver vi s\u00e4kra v\u00e5r grund. N\u00e4r vi v\u00e4l \u00e4r p\u00e5 f\u00f6tter \u00e4r det inte om\u00f6jligt att vi sl\u00e4nger ig\u00e5ng ett n\u00e4sta Queer Tattoo Expo Stockholm. Tills dess -njut av v\u00e5ra utst\u00e4llningar, tatuera er, k\u00f6p konst prints T-shirts -st\u00f6tta era lokala queers, utan er inget StaDemonia Tattoo Stockholm!<\/p>\n<p>&#8212;&#8212;&#8212;&#8211;<\/p>\n<p>V\u00c4LKOMNA till Sveriges f\u00f6rsta Queera tatueringsexpo! L\u00f6rdag 13\/5 bjuder StaDemonia Tattoo Stockholm in till tatuering, performance, art expo, socialt cafe\/bar p\u00e5 <a href=\"https:\/\/goo.gl\/maps\/KoRqLLecV6WGSbxP6\" target=\"_blank\" rel=\"noopener\">Blivande<\/a> vid Frihamnen, Stockholm. Programmet kan \u00e4ndras n\u00e5got s\u00e5 h\u00e5ll er uppdaterade h\u00e4r eller p\u00e5\u00a0<a href=\"https:\/\/www.instagram.com\/queer_tattoo_expo_sthlm\/\" target=\"_blank\" rel=\"noopener\">Insta<\/a> \/ <a href=\"https:\/\/www.facebook.com\/events\/839975700455039\" target=\"_blank\" rel=\"noopener\">Faceb<\/a>. En del tatuerare kommer att ta f\u00f6rbokningar, andra enbart dropin p\u00e5 plats -kontakta tatueraren du \u00e4r intresserad av direkt om du har fr\u00e5gor!<br \/>\nQueer Tattoo Expo \u00e4r gratis att bes\u00f6ka dagtid kl 13-18. Fr\u00e5n kl 18-02 \u00e4r intr\u00e4de 150 kr.<\/p>\n<div class=\"x11i5rnm xat24cr x1mh8g0r x1vvkbs xtlvy1s\">TATUERARE:<br \/>\n-Cee Burgundy @<a href=\"http:\/\/instagram.com\/cee_burgundy\" target=\"_blank\" rel=\"noopener\">cee_burgundy<\/a> (Netherlands)<br \/>\n-Faith Phillips @<a href=\"http:\/\/instagram.com\/americanflesh\" target=\"_blank\" rel=\"noopener\">americanflesh<\/a> (USA)<br \/>\n-German Ferreiroa @<a href=\"http:\/\/instagram.com\/gerfer_tattoo\" target=\"_blank\" rel=\"noopener\">gerfer_tattoo<\/a> (Argentina\/Irland)<br \/>\n-Talvi Baldassini @<a href=\"http:\/\/instagram.com\/tali_baal_tattoo\" target=\"_blank\" rel=\"noopener\">tali_baal_tattoo<\/a> (Finland)<br \/>\n-Orne Gil <a href=\"http:\/\/instagram.com\/g.orne\" target=\"_blank\" rel=\"noopener\">@g.orne<\/a> (Venezuela\/Germany)<br \/>\n-Uve the Kid @<a href=\"http:\/\/instagram.com\/uvethekid\" target=\"_blank\" rel=\"noopener\">uvethekid<\/a> (Spain)<br \/>\n-Shia @<a href=\"http:\/\/instagram.com\/shia_mcshia\" target=\"_blank\" rel=\"noopener\">shia_mcshia<\/a> (Russia\/Georgia)<br \/>\n-Bahio Diaz @<a href=\"http:\/\/instagram.com\/bahio.ttt\" target=\"_blank\" rel=\"noopener\">bahio.ttt<\/a> (Argentina)<br \/>\n-Jazz Sargent Aznar @<a href=\"http:\/\/instagram.com\/kushytattoos\" target=\"_blank\" rel=\"noopener\">kushytattoos<\/a> (Spain\/Sweden)<\/div>\n<div class=\"x11i5rnm xat24cr x1mh8g0r x1vvkbs xtlvy1s\">-Ines \u00c5kerlund @<a href=\"http:\/\/instagram.com\/luines.ttt\" target=\"_blank\" rel=\"noopener\">luines.ttt<\/a> (Sweden)<br \/>\n-Ezra Valentin @<a href=\"http:\/\/instagram.com\/soft.demon\" target=\"_blank\" rel=\"noopener\">soft.demon<\/a> (Sweden)<br \/>\n-Bigboy @<a href=\"http:\/\/instagram.com\/bigboy.247\" target=\"_blank\" rel=\"noopener\">bigboy.247<\/a> (Sweden)<\/div>\n<div>.<\/div>\n<div><\/div>\n<div class=\"x11i5rnm xat24cr x1mh8g0r x1vvkbs xtlvy1s\">PERFORMANCE:<\/div>\n<div class=\"x11i5rnm xat24cr x1mh8g0r x1vvkbs xtlvy1s\">-Storm Dunder <a href=\"http:\/\/instagram.com\/stormdunder\" target=\"_blank\" rel=\"noopener\">@stormdunder<\/a> (live music\/performance Sweden)<br \/>\n-Flamenco Queer @<a href=\"http:\/\/instagram.com\/flamencoqueer\" target=\"_blank\" rel=\"noopener\">flamencoqueer<\/a> (Queer Flamenco trio based in Barcelona)<br \/>\n-Uroish @<a href=\"http:\/\/instagram.com\/uroish_official\" target=\"_blank\" rel=\"noopener\">uroish_official<\/a> (Iranian Swedish electropop)<\/div>\n<div>.<br \/>\nDJs:<br \/>\n-Dgeral <a href=\"http:\/\/instagram.com\/dgeral_oficial_\" target=\"_blank\" rel=\"noopener\">@dgeral_oficial_<\/a><br \/>\n-DieselDanno <a href=\"http:\/\/instagram.com\/dieseldanno\" target=\"_blank\" rel=\"noopener\">@dieseldanno<\/a><\/div>\n<div>.<\/div>\n<div><\/div>\n<div class=\"x11i5rnm xat24cr x1mh8g0r x1vvkbs xtlvy1s\">ART EXPO:<br \/>\nIsaac Flores @<a href=\"http:\/\/instagram.com\/is0ac\" target=\"_blank\" rel=\"noopener\">is0ac<\/a> (Barcelona)<br \/>\nRudy Loewe @<a href=\"http:\/\/instagram.com\/rudyloewe\" target=\"_blank\" rel=\"noopener\">rudyloewe<\/a> (London)<br \/>\nEdith Hammar @<a href=\"http:\/\/instagram.com\/elmhammar\" target=\"_blank\" rel=\"noopener\">elmhammar<\/a> (Helsinki)<\/div>\n<div>\n<p>.<\/p>\n<\/div>\n<div>\n<div>WORKSHOPS\/SAMTAL<\/div>\n<div class=\"x11i5rnm xat24cr x1mh8g0r x1vvkbs xtlvy1s\">14.00 Workshop Alex Cfourpo (p\u00e5 engelska) &#8211;<a href=\"https:\/\/stademonia.com\/21\/2023\/01\/23\/workshop-pa-queer-tattoo-expo-2\/\">mer info!<\/a><\/div>\n<div class=\"x11i5rnm xat24cr x1mh8g0r x1vvkbs xtlvy1s\">16.00 Tatueringshistoria med Helena Meyer (p\u00e5 engelska) &#8211;<a href=\"https:\/\/stademonia.com\/english\/2023\/01\/23\/helena-meyer-at-queer-tattoo-expo-2\/\">mer info!<\/a><br \/>\n.<\/div>\n<\/div>\n<div class=\"x11i5rnm xat24cr x1mh8g0r x1vvkbs xtlvy1s\">Bild: Sara Swanson @<a href=\"http:\/\/instagram.com\/sara_sta.demonia_tattoo\" target=\"_blank\" rel=\"noopener\">sara_sta.demonia_tattoo<\/a><\/div>\n<div>.<\/div>\n<div class=\"x11i5rnm xat24cr x1mh8g0r x1vvkbs xtlvy1s\">\n<p>Tillg\u00e4nglighet p\u00e5 Blivande: Huvudhuset har en ramp till bottenv\u00e5ningen, som kan installeras p\u00e5 beg\u00e4ran. Evenemangsutrymmena, ett av badrummen och k\u00f6ket p\u00e5 nederv\u00e5ningen \u00e4r rullstolsanpassade och p\u00e5 samma v\u00e5ning. Det finns allm\u00e4nna parkeringsplatser i n\u00e4rheten av lokalen. Om du \u00e4r i behov av mer information om tillg\u00e4nglighet, v\u00e4nligen kontakta Diana Monsberger (diana@blivande.com)<\/p>\n<p>.<\/p>\n<\/div>\n<div class=\"x11i5rnm xat24cr x1mh8g0r x1vvkbs xtlvy1s\">Med st\u00f6d fr\u00e5n Kulturr\u00e5det, i samarbete med ABF Stockholm.<\/div>\n<div>.<\/div>\n<div>.<\/div>\n<div>.<\/div>\n<p>[\/vc_column_text][\/vc_column][vc_column width=&#8221;1\/3&#8243;][vc_gallery interval=&#8221;3&#8243; images=&#8221;483&#8243; img_size=&#8221;full&#8221; onclick=&#8221;&#8221;][\/vc_column][\/vc_row]<\/p>\n<\/div>","protected":false},"excerpt":{"rendered":"<p>[vc_row css_animation=&#8221;&#8221; row_type=&#8221;row&#8221; use_row_as_full_screen_section=&#8221;no&#8221; type=&#8221;full_width&#8221; angled_section=&#8221;no&#8221; text_align=&#8221;left&#8221; background_image_as_pattern=&#8221;without_pattern&#8221; z_index=&#8221;&#8221; padding_top=&#8221;100&#8243;][vc_column width=&#8221;2\/3&#8243;][vc_column_text] QUEER TATTOO EXPO 2023 Uppdatering: I \u00e5r 2024 beh\u00f6ver vi l\u00e4gga all v\u00e5r energi p\u00e5 att s\u00e4kra att v\u00e5r bas StaDemonia Tattoo Stockholm \u00f6verlever. Efter sv\u00e5ra \u00e5r med covid, krisig och v\u00e5ldsam omv\u00e4rld, hyresh\u00f6jningar&#8230;<\/p>\n","protected":false},"author":2,"featured_media":0,"parent":0,"menu_order":0,"comment_status":"closed","ping_status":"closed","template":"blog-masonry.php","meta":{"footnotes":""},"class_list":["post-482","page","type-page","status-publish","hentry"],"yoast_head":"<!-- This site is optimized with the Yoast SEO plugin v26.7 - https:\/\/yoast.com\/wordpress\/plugins\/seo\/ -->\n<title>StaDemonia Tattoo Stockholm -Queer Tattoo Expo 2023<\/title>\n<meta name=\"description\" content=\"StaDemonia Tattoo Stockholm \u00e4r Queer konst och Vegan tatuering i Stockholm. H\u00e4r hittar du hbtqi+ tatuerare och konst.\" \/>\n<meta name=\"robots\" content=\"index, follow, max-snippet:-1, max-image-preview:large, max-video-preview:-1\" \/>\n<link rel=\"canonical\" href=\"https:\/\/stademonia.com\/21\/queer-tattoo-expo-2023\/\" \/>\n<meta property=\"og:locale\" content=\"sv_SE\" \/>\n<meta property=\"og:type\" content=\"article\" \/>\n<meta property=\"og:title\" content=\"StaDemonia Tattoo Stockholm -Queer Tattoo Expo 2023\" \/>\n<meta property=\"og:description\" content=\"StaDemonia Tattoo Stockholm \u00e4r Queer konst och Vegan tatuering i Stockholm. H\u00e4r hittar du hbtqi+ tatuerare och konst.\" \/>\n<meta property=\"og:url\" content=\"https:\/\/stademonia.com\/21\/queer-tattoo-expo-2023\/\" \/>\n<meta property=\"og:site_name\" content=\"StaDemonia Tattoo Stockholm\" \/>\n<meta property=\"article:publisher\" content=\"https:\/\/www.facebook.com\/stademonia.stockholm\/\" \/>\n<meta property=\"article:modified_time\" content=\"2024-04-16T17:37:33+00:00\" \/>\n<meta name=\"twitter:card\" content=\"summary_large_image\" \/>\n<meta name=\"twitter:label1\" content=\"Ber\u00e4knad l\u00e4stid\" \/>\n\t<meta name=\"twitter:data1\" content=\"2 minuter\" \/>\n<script type=\"application\/ld+json\" class=\"yoast-schema-graph\">{\"@context\":\"https:\/\/schema.org\",\"@graph\":[{\"@type\":\"WebPage\",\"@id\":\"https:\/\/stademonia.com\/21\/queer-tattoo-expo-2023\/\",\"url\":\"https:\/\/stademonia.com\/21\/queer-tattoo-expo-2023\/\",\"name\":\"StaDemonia Tattoo Stockholm -Queer Tattoo Expo 2023\",\"isPartOf\":{\"@id\":\"https:\/\/stademonia.com\/21\/#website\"},\"datePublished\":\"2023-01-24T12:24:33+00:00\",\"dateModified\":\"2024-04-16T17:37:33+00:00\",\"description\":\"StaDemonia Tattoo Stockholm \u00e4r Queer konst och Vegan tatuering i Stockholm. H\u00e4r hittar du hbtqi+ tatuerare och konst.\",\"breadcrumb\":{\"@id\":\"https:\/\/stademonia.com\/21\/queer-tattoo-expo-2023\/#breadcrumb\"},\"inLanguage\":\"sv-SE\",\"potentialAction\":[{\"@type\":\"ReadAction\",\"target\":[\"https:\/\/stademonia.com\/21\/queer-tattoo-expo-2023\/\"]}]},{\"@type\":\"BreadcrumbList\",\"@id\":\"https:\/\/stademonia.com\/21\/queer-tattoo-expo-2023\/#breadcrumb\",\"itemListElement\":[{\"@type\":\"ListItem\",\"position\":1,\"name\":\"Hem\",\"item\":\"https:\/\/stademonia.com\/21\/\"},{\"@type\":\"ListItem\",\"position\":2,\"name\":\"Queer Tattoo Expo 2023\"}]},{\"@type\":\"WebSite\",\"@id\":\"https:\/\/stademonia.com\/21\/#website\",\"url\":\"https:\/\/stademonia.com\/21\/\",\"name\":\"StaDemonia Tattoo Stockholm\",\"description\":\"Queera Tatuerare i Stockholm\",\"publisher\":{\"@id\":\"https:\/\/stademonia.com\/21\/#organization\"},\"potentialAction\":[{\"@type\":\"SearchAction\",\"target\":{\"@type\":\"EntryPoint\",\"urlTemplate\":\"https:\/\/stademonia.com\/21\/?s={search_term_string}\"},\"query-input\":{\"@type\":\"PropertyValueSpecification\",\"valueRequired\":true,\"valueName\":\"search_term_string\"}}],\"inLanguage\":\"sv-SE\"},{\"@type\":\"Organization\",\"@id\":\"https:\/\/stademonia.com\/21\/#organization\",\"name\":\"StaDemonia Tattoo Stockholm\",\"url\":\"https:\/\/stademonia.com\/21\/\",\"logo\":{\"@type\":\"ImageObject\",\"inLanguage\":\"sv-SE\",\"@id\":\"https:\/\/stademonia.com\/21\/#\/schema\/logo\/image\/\",\"url\":\"https:\/\/stademonia.com\/21\/wp-content\/uploads\/2025\/03\/cropped-StaDemoniaTattoo_Logo_600-1.jpeg\",\"contentUrl\":\"https:\/\/stademonia.com\/21\/wp-content\/uploads\/2025\/03\/cropped-StaDemoniaTattoo_Logo_600-1.jpeg\",\"width\":512,\"height\":512,\"caption\":\"StaDemonia Tattoo Stockholm\"},\"image\":{\"@id\":\"https:\/\/stademonia.com\/21\/#\/schema\/logo\/image\/\"},\"sameAs\":[\"https:\/\/www.facebook.com\/stademonia.stockholm\/\",\"https:\/\/www.instagram.com\/sta.demonia_tattoo_stockholm\/\"]}]}<\/script>\n<!-- \/ Yoast SEO plugin. -->","yoast_head_json":{"title":"StaDemonia Tattoo Stockholm -Queer Tattoo Expo 2023","description":"StaDemonia Tattoo Stockholm \u00e4r Queer konst och Vegan tatuering i Stockholm. H\u00e4r hittar du hbtqi+ tatuerare och konst.","robots":{"index":"index","follow":"follow","max-snippet":"max-snippet:-1","max-image-preview":"max-image-preview:large","max-video-preview":"max-video-preview:-1"},"canonical":"https:\/\/stademonia.com\/21\/queer-tattoo-expo-2023\/","og_locale":"sv_SE","og_type":"article","og_title":"StaDemonia Tattoo Stockholm -Queer Tattoo Expo 2023","og_description":"StaDemonia Tattoo Stockholm \u00e4r Queer konst och Vegan tatuering i Stockholm. H\u00e4r hittar du hbtqi+ tatuerare och konst.","og_url":"https:\/\/stademonia.com\/21\/queer-tattoo-expo-2023\/","og_site_name":"StaDemonia Tattoo Stockholm","article_publisher":"https:\/\/www.facebook.com\/stademonia.stockholm\/","article_modified_time":"2024-04-16T17:37:33+00:00","twitter_card":"summary_large_image","twitter_misc":{"Ber\u00e4knad l\u00e4stid":"2 minuter"},"schema":{"@context":"https:\/\/schema.org","@graph":[{"@type":"WebPage","@id":"https:\/\/stademonia.com\/21\/queer-tattoo-expo-2023\/","url":"https:\/\/stademonia.com\/21\/queer-tattoo-expo-2023\/","name":"StaDemonia Tattoo Stockholm -Queer Tattoo Expo 2023","isPartOf":{"@id":"https:\/\/stademonia.com\/21\/#website"},"datePublished":"2023-01-24T12:24:33+00:00","dateModified":"2024-04-16T17:37:33+00:00","description":"StaDemonia Tattoo Stockholm \u00e4r Queer konst och Vegan tatuering i Stockholm. H\u00e4r hittar du hbtqi+ tatuerare och konst.","breadcrumb":{"@id":"https:\/\/stademonia.com\/21\/queer-tattoo-expo-2023\/#breadcrumb"},"inLanguage":"sv-SE","potentialAction":[{"@type":"ReadAction","target":["https:\/\/stademonia.com\/21\/queer-tattoo-expo-2023\/"]}]},{"@type":"BreadcrumbList","@id":"https:\/\/stademonia.com\/21\/queer-tattoo-expo-2023\/#breadcrumb","itemListElement":[{"@type":"ListItem","position":1,"name":"Hem","item":"https:\/\/stademonia.com\/21\/"},{"@type":"ListItem","position":2,"name":"Queer Tattoo Expo 2023"}]},{"@type":"WebSite","@id":"https:\/\/stademonia.com\/21\/#website","url":"https:\/\/stademonia.com\/21\/","name":"StaDemonia Tattoo Stockholm","description":"Queera Tatuerare i Stockholm","publisher":{"@id":"https:\/\/stademonia.com\/21\/#organization"},"potentialAction":[{"@type":"SearchAction","target":{"@type":"EntryPoint","urlTemplate":"https:\/\/stademonia.com\/21\/?s={search_term_string}"},"query-input":{"@type":"PropertyValueSpecification","valueRequired":true,"valueName":"search_term_string"}}],"inLanguage":"sv-SE"},{"@type":"Organization","@id":"https:\/\/stademonia.com\/21\/#organization","name":"StaDemonia Tattoo Stockholm","url":"https:\/\/stademonia.com\/21\/","logo":{"@type":"ImageObject","inLanguage":"sv-SE","@id":"https:\/\/stademonia.com\/21\/#\/schema\/logo\/image\/","url":"https:\/\/stademonia.com\/21\/wp-content\/uploads\/2025\/03\/cropped-StaDemoniaTattoo_Logo_600-1.jpeg","contentUrl":"https:\/\/stademonia.com\/21\/wp-content\/uploads\/2025\/03\/cropped-StaDemoniaTattoo_Logo_600-1.jpeg","width":512,"height":512,"caption":"StaDemonia Tattoo Stockholm"},"image":{"@id":"https:\/\/stademonia.com\/21\/#\/schema\/logo\/image\/"},"sameAs":["https:\/\/www.facebook.com\/stademonia.stockholm\/","https:\/\/www.instagram.com\/sta.demonia_tattoo_stockholm\/"]}]}},"_links":{"self":[{"href":"https:\/\/stademonia.com\/21\/wp-json\/wp\/v2\/pages\/482","targetHints":{"allow":["GET"]}}],"collection":[{"href":"https:\/\/stademonia.com\/21\/wp-json\/wp\/v2\/pages"}],"about":[{"href":"https:\/\/stademonia.com\/21\/wp-json\/wp\/v2\/types\/page"}],"author":[{"embeddable":true,"href":"https:\/\/stademonia.com\/21\/wp-json\/wp\/v2\/users\/2"}],"replies":[{"embeddable":true,"href":"https:\/\/stademonia.com\/21\/wp-json\/wp\/v2\/comments?post=482"}],"version-history":[{"count":18,"href":"https:\/\/stademonia.com\/21\/wp-json\/wp\/v2\/pages\/482\/revisions"}],"predecessor-version":[{"id":929,"href":"https:\/\/stademonia.com\/21\/wp-json\/wp\/v2\/pages\/482\/revisions\/929"}],"wp:attachment":[{"href":"https:\/\/stademonia.com\/21\/wp-json\/wp\/v2\/media?parent=482"}],"curies":[{"name":"wp","href":"https:\/\/api.w.org\/{rel}","templated":true}]}}