{"id":35,"date":"2021-06-21T09:20:03","date_gmt":"2021-06-21T07:20:03","guid":{"rendered":"https:\/\/stademonia.com\/21\/?page_id=35"},"modified":"2025-05-21T16:25:16","modified_gmt":"2025-05-21T14:25:16","slug":"queer-tatuering-i-stockholm","status":"publish","type":"page","link":"https:\/\/stademonia.com\/21\/","title":{"rendered":"Hem"},"content":{"rendered":"<div class=\"wpb-content-wrapper\"><p>[vc_row css_animation=&#8221;&#8221; row_type=&#8221;row&#8221; use_row_as_full_screen_section=&#8221;no&#8221; type=&#8221;full_width&#8221; angled_section=&#8221;no&#8221; text_align=&#8221;left&#8221; background_image_as_pattern=&#8221;without_pattern&#8221;][vc_column][vc_single_image image=&#8221;54&#8243; img_size=&#8221;full&#8221; qode_css_animation=&#8221;&#8221;][\/vc_column][\/vc_row][vc_row css_animation=&#8221;&#8221; row_type=&#8221;row&#8221; use_row_as_full_screen_section=&#8221;no&#8221; type=&#8221;full_width&#8221; angled_section=&#8221;no&#8221; text_align=&#8221;left&#8221; background_image_as_pattern=&#8221;without_pattern&#8221;][vc_column][vc_empty_space][\/vc_column][\/vc_row][vc_row css_animation=&#8221;&#8221; row_type=&#8221;row&#8221; use_row_as_full_screen_section=&#8221;no&#8221; type=&#8221;grid&#8221; angled_section=&#8221;no&#8221; text_align=&#8221;left&#8221; background_image_as_pattern=&#8221;without_pattern&#8221; z_index=&#8221;&#8221;][vc_column]\n<div class='latest_post_holder boxes four_columns one_row' >\n    <ul>\n    \n        <li class=\"clearfix\">\n            <div class=\"boxes_image\">\n                                <a itemprop=\"url\" href=\"https:\/\/stademonia.com\/21\/2026\/04\/20\/filmvisning-a-body-to-live-in-vernissage-queer-tatueringshistoria-historier\/\"><img loading=\"lazy\" decoding=\"async\" width=\"800\" height=\"568\" src=\"https:\/\/stademonia.com\/21\/wp-content\/uploads\/2026\/02\/StaDemoniaTattooStockholmHouseOfQ.jpeg\" class=\"attachment-portfolio-landscape size-portfolio-landscape wp-post-image\" alt=\"Tv\u00e5 fotografier monterade mot en bild av en dr\u00f6mlik v\u00e4g, den ena en person med extremt modifierad midja och en annan p\u00e5 en person med en tatuering -en liten r\u00f6d ros tatuerad p\u00e5 skuldran.\" \/><\/a>\n            <\/div>\n            <div class=\"latest_post\"  >\n                <div class=\"latest_post_text\">\n                    <div class=\"latest_post_inner\">\n                        <div class=\"latest_post_text_inner\">\n                            <h3 itemprop=\"name\" class=\"latest_post_title entry_title\"><a itemprop=\"url\" href=\"https:\/\/stademonia.com\/21\/2026\/04\/20\/filmvisning-a-body-to-live-in-vernissage-queer-tatueringshistoria-historier\/\">Filmvisning A body to live in + Vernissage Queer Tatueringshistoria \/ Historier!<\/a><\/h3>\n                            <p class=\"excerpt\">\/Sta.Demonia Tattoo Stockholm 2026.02.19\/ Warmly welcome 25\/4 at 15-22 hs to vernissage of the exhibition Queer Tatueringshistoria \/ Historier at House of Q! Sara Swanson from StaDemonia Tattoo Stockholm has interviewed queers who got tattooed during the 70s and 80s and photographer Del LaGrace Volcano......<\/p>\n                            <span class=\"post_infos\">\n                                                                    <span class=\"date_hour_holder\">\n                                        <span itemprop=\"dateCreated\" class=\"date entry_date updated\">20 april, 2026 <meta itemprop=\"interactionCount\" content=\"UserComments: 0\"\/><\/span>\n                                    <\/span>\n                                                                                                \n                                \n                                                            <\/span>\n                        <\/div>\n                    <\/div>\n                <\/div>\n            <\/div>\n        <\/li>\n    \n        <li class=\"clearfix\">\n            <div class=\"boxes_image\">\n                                <a itemprop=\"url\" href=\"https:\/\/stademonia.com\/21\/2026\/04\/20\/milo-gasttatuerare-pa-sta-demonia-tattoo-stockholm\/\"><img loading=\"lazy\" decoding=\"async\" width=\"600\" height=\"600\" src=\"https:\/\/stademonia.com\/21\/wp-content\/uploads\/2026\/04\/StaDemoniaTattooStockholmGuestMilo.jpeg\" class=\"attachment-portfolio-landscape size-portfolio-landscape wp-post-image\" alt=\"\" \/><\/a>\n            <\/div>\n            <div class=\"latest_post\"  >\n                <div class=\"latest_post_text\">\n                    <div class=\"latest_post_inner\">\n                        <div class=\"latest_post_text_inner\">\n                            <h3 itemprop=\"name\" class=\"latest_post_title entry_title\"><a itemprop=\"url\" href=\"https:\/\/stademonia.com\/21\/2026\/04\/20\/milo-gasttatuerare-pa-sta-demonia-tattoo-stockholm\/\">Milo g\u00e4sttatuerare p\u00e5 Sta.Demonia Tattoo Stockholm!<\/a><\/h3>\n                            <p class=\"excerpt\">\/StaDemonia Tattoo Stockholm 2026.04.20 \/\u00a0Den 2+3:e maj kommer Milo \u00a0fr\u00e5n Tyskland och g\u00e4sttatuerar hos oss p\u00e5 StaDemonia Tattoo Stockholm! F\u00f6r info och bokningar, skriv direkt via insta @milo_tattu! Skriv till sara@stademonia.com om du har fr\u00e5gor eller vill tipsa om en artist du tycker att vi......<\/p>\n                            <span class=\"post_infos\">\n                                                                    <span class=\"date_hour_holder\">\n                                        <span itemprop=\"dateCreated\" class=\"date entry_date updated\">20 april, 2026 <meta itemprop=\"interactionCount\" content=\"UserComments: 0\"\/><\/span>\n                                    <\/span>\n                                                                                                \n                                \n                                                            <\/span>\n                        <\/div>\n                    <\/div>\n                <\/div>\n            <\/div>\n        <\/li>\n    \n        <li class=\"clearfix\">\n            <div class=\"boxes_image\">\n                                <a itemprop=\"url\" href=\"https:\/\/stademonia.com\/21\/2026\/04\/20\/leen-gasttatuerare-pa-sta-demonia-tattoo-stockholm\/\"><img loading=\"lazy\" decoding=\"async\" width=\"600\" height=\"600\" src=\"https:\/\/stademonia.com\/21\/wp-content\/uploads\/2026\/04\/StaDemoniaTattooStockholmGuestLeen.jpeg\" class=\"attachment-portfolio-landscape size-portfolio-landscape wp-post-image\" alt=\"Fine line tatuering av g\u00e4st tatuerare Leen. Fyra nakna personer dansar i en ring.\" \/><\/a>\n            <\/div>\n            <div class=\"latest_post\"  >\n                <div class=\"latest_post_text\">\n                    <div class=\"latest_post_inner\">\n                        <div class=\"latest_post_text_inner\">\n                            <h3 itemprop=\"name\" class=\"latest_post_title entry_title\"><a itemprop=\"url\" href=\"https:\/\/stademonia.com\/21\/2026\/04\/20\/leen-gasttatuerare-pa-sta-demonia-tattoo-stockholm\/\">Leen g\u00e4sttatuerare p\u00e5 Sta.Demonia Tattoo Stockholm!<\/a><\/h3>\n                            <p class=\"excerpt\">\/StaDemonia Tattoo Stockholm 2026.04.20 \/\u00a0Den 2+3:e maj kommer Leen \u00a0fr\u00e5n Tyskland och g\u00e4sttatuerar hos oss p\u00e5 StaDemonia Tattoo Stockholm! F\u00f6r info och bokningar, skriv direkt via insta @eutertattoo! Skriv till sara@stademonia.com om du har fr\u00e5gor eller vill tipsa om en artist du tycker att vi......<\/p>\n                            <span class=\"post_infos\">\n                                                                    <span class=\"date_hour_holder\">\n                                        <span itemprop=\"dateCreated\" class=\"date entry_date updated\">20 april, 2026 <meta itemprop=\"interactionCount\" content=\"UserComments: 0\"\/><\/span>\n                                    <\/span>\n                                                                                                \n                                \n                                                            <\/span>\n                        <\/div>\n                    <\/div>\n                <\/div>\n            <\/div>\n        <\/li>\n    \n        <li class=\"clearfix\">\n            <div class=\"boxes_image\">\n                                <a itemprop=\"url\" href=\"https:\/\/stademonia.com\/21\/2026\/03\/26\/brutalist-baby-gasttatuerare-pa-sta-demonia-tattoo-stockholm-3\/\"><img loading=\"lazy\" decoding=\"async\" width=\"600\" height=\"600\" src=\"https:\/\/stademonia.com\/21\/wp-content\/uploads\/2026\/03\/StaDemoniaTattooStockholmGuestTattooerStellaBrutalist.jpeg\" class=\"attachment-portfolio-landscape size-portfolio-landscape wp-post-image\" alt=\"Illustration av Hello Kitties med yxor i h\u00e4nderna och texten God morbid a girl has hobbies. I blackwork tatueringsstil av tatuerare Brutalist Baby Tattooer.\" \/><\/a>\n            <\/div>\n            <div class=\"latest_post\"  >\n                <div class=\"latest_post_text\">\n                    <div class=\"latest_post_inner\">\n                        <div class=\"latest_post_text_inner\">\n                            <h3 itemprop=\"name\" class=\"latest_post_title entry_title\"><a itemprop=\"url\" href=\"https:\/\/stademonia.com\/21\/2026\/03\/26\/brutalist-baby-gasttatuerare-pa-sta-demonia-tattoo-stockholm-3\/\">Brutalist Baby g\u00e4sttatuerare p\u00e5 Sta.Demonia Tattoo Stockholm!<\/a><\/h3>\n                            <p class=\"excerpt\">\/StaDemonia Tattoo Stockholm 2026.03.26 \/\u00a0Den 24+26:e april kommer Stella @brutalistbabytattoo, tatuerare baserad i Paris och New York, tillbaks och g\u00e4sttatuerar hos oss p\u00e5 StaDemonia Tattoo Stockholm! F\u00f6r info och bokningar, skriv direkt via insta @brutalistbabytattoo! Skriv till sara@stademonia.com om du har fr\u00e5gor eller vill tipsa......<\/p>\n                            <span class=\"post_infos\">\n                                                                    <span class=\"date_hour_holder\">\n                                        <span itemprop=\"dateCreated\" class=\"date entry_date updated\">26 mars, 2026 <meta itemprop=\"interactionCount\" content=\"UserComments: 0\"\/><\/span>\n                                    <\/span>\n                                                                                                \n                                \n                                                            <\/span>\n                        <\/div>\n                    <\/div>\n                <\/div>\n            <\/div>\n        <\/li>\n        <\/ul>\n<\/div>[\/vc_column][\/vc_row][vc_row row_type=&#8221;parallax&#8221; parallax_content_width=&#8221;in_grid&#8221; text_align=&#8221;center&#8221; full_screen_section_height=&#8221;yes&#8221; vertically_align_content_in_middle=&#8221;yes&#8221; background_image=&#8221;1186&#8243;][vc_column width=&#8221;1\/4&#8243;][\/vc_column][vc_column width=&#8221;1\/2&#8243;][vc_column_text css=&#8221;.vc_custom_1747837509190{padding-top: 30px !important;padding-right: 30px !important;padding-bottom: 30px !important;padding-left: 30px !important;background-color: rgba(0,0,0,0.73) !important;*background-color: rgb(0,0,0) !important;border-radius: 3px !important;}&#8221;]<\/p>\n<h2 style=\"text-align: center;\"><em><a class=\"notranslate\" tabindex=\"0\" href=\"https:\/\/www.instagram.com\/soledad.a.a.r\/\">@soledad.a.a.r<\/a> <a class=\"notranslate\" tabindex=\"0\" href=\"https:\/\/www.instagram.com\/sara_sta.demonia_tattoo\/\">@sara_sta.demonia_tattoo<\/a> <a class=\"notranslate\" tabindex=\"0\" href=\"https:\/\/www.instagram.com\/alexcfourpotattoo\/\">@alexcfourpotattoo <\/a><\/em><br \/>\n<em>\u00a0<a class=\"notranslate\" tabindex=\"0\" href=\"https:\/\/www.instagram.com\/santxdemonix\/\">@santxdemonix<\/a> <a href=\"http:\/\/instagram.com\/butcher_queen.tattoos\">@butcher_queen.tattoos<\/a> <a href=\"http:\/\/instagram.com\/eva.betjes\">@eva.betjes<\/a> <a href=\"http:\/\/instagram.com\/sadgaydontcry\">@sadgaydontcry<\/a><\/em><\/h2>\n<p>[\/vc_column_text][\/vc_column][vc_column width=&#8221;1\/4&#8243;][\/vc_column][\/vc_row][vc_row css_animation=&#8221;&#8221; row_type=&#8221;row&#8221; use_row_as_full_screen_section=&#8221;no&#8221; type=&#8221;full_width&#8221; angled_section=&#8221;no&#8221; text_align=&#8221;left&#8221; background_image_as_pattern=&#8221;without_pattern&#8221;][vc_column][vc_empty_space][\/vc_column][\/vc_row][vc_row css_animation=&#8221;&#8221; row_type=&#8221;row&#8221; use_row_as_full_screen_section=&#8221;no&#8221; type=&#8221;full_width&#8221; angled_section=&#8221;no&#8221; text_align=&#8221;left&#8221; background_image_as_pattern=&#8221;without_pattern&#8221;][vc_column][vc_empty_space][\/vc_column][\/vc_row]<\/p>\n<\/div>","protected":false},"excerpt":{"rendered":"<p>[vc_row css_animation=&#8221;&#8221; row_type=&#8221;row&#8221; use_row_as_full_screen_section=&#8221;no&#8221; type=&#8221;full_width&#8221; angled_section=&#8221;no&#8221; text_align=&#8221;left&#8221; background_image_as_pattern=&#8221;without_pattern&#8221;][vc_column][vc_single_image image=&#8221;54&#8243; img_size=&#8221;full&#8221; qode_css_animation=&#8221;&#8221;][\/vc_column][\/vc_row][vc_row css_animation=&#8221;&#8221; row_type=&#8221;row&#8221; use_row_as_full_screen_section=&#8221;no&#8221; type=&#8221;full_width&#8221; angled_section=&#8221;no&#8221; text_align=&#8221;left&#8221; background_image_as_pattern=&#8221;without_pattern&#8221;][vc_column][vc_empty_space][\/vc_column][\/vc_row][vc_row css_animation=&#8221;&#8221; row_type=&#8221;row&#8221; use_row_as_full_screen_section=&#8221;no&#8221; type=&#8221;grid&#8221; angled_section=&#8221;no&#8221; text_align=&#8221;left&#8221; background_image_as_pattern=&#8221;without_pattern&#8221; z_index=&#8221;&#8221;][vc_column][\/vc_column][\/vc_row][vc_row row_type=&#8221;parallax&#8221; parallax_content_width=&#8221;in_grid&#8221; text_align=&#8221;center&#8221; full_screen_section_height=&#8221;yes&#8221; vertically_align_content_in_middle=&#8221;yes&#8221; background_image=&#8221;1186&#8243;][vc_column width=&#8221;1\/4&#8243;][\/vc_column][vc_column width=&#8221;1\/2&#8243;][vc_column_text css=&#8221;.vc_custom_1747837509190{padding-top: 30px !important;padding-right: 30px !important;padding-bottom: 30px !important;padding-left: 30px !important;background-color: rgba(0,0,0,0.73) !important;*background-color:&#8230;<\/p>\n","protected":false},"author":1,"featured_media":0,"parent":0,"menu_order":0,"comment_status":"closed","ping_status":"closed","template":"full_width.php","meta":{"footnotes":""},"class_list":["post-35","page","type-page","status-publish","hentry"],"yoast_head":"<!-- This site is optimized with the Yoast SEO plugin v26.7 - https:\/\/yoast.com\/wordpress\/plugins\/seo\/ -->\n<title>StaDemonia Tattoo Stockholm -Queera Tatuerare \/ Vegan Tatuering<\/title>\n<meta name=\"description\" content=\"StaDemonia Tattoo Stockholm \u00e4r Queer konst och Vegan tatuering i Stockholm. H\u00e4r hittar du hbtqi+ tatuerare och konst.\" \/>\n<meta name=\"robots\" content=\"index, follow, max-snippet:-1, max-image-preview:large, max-video-preview:-1\" \/>\n<link rel=\"canonical\" href=\"https:\/\/stademonia.com\/21\/\" \/>\n<meta property=\"og:locale\" content=\"sv_SE\" \/>\n<meta property=\"og:type\" content=\"article\" \/>\n<meta property=\"og:title\" content=\"StaDemonia Tattoo Stockholm -Queera Tatuerare \/ Vegan Tatuering\" \/>\n<meta property=\"og:description\" content=\"StaDemonia Tattoo Stockholm \u00e4r Queer konst och Vegan tatuering i Stockholm. H\u00e4r hittar du hbtqi+ tatuerare och konst.\" \/>\n<meta property=\"og:url\" content=\"https:\/\/stademonia.com\/21\/\" \/>\n<meta property=\"og:site_name\" content=\"StaDemonia Tattoo Stockholm\" \/>\n<meta property=\"article:publisher\" content=\"https:\/\/www.facebook.com\/stademonia.stockholm\/\" \/>\n<meta property=\"article:modified_time\" content=\"2025-05-21T14:25:16+00:00\" \/>\n<meta name=\"twitter:card\" content=\"summary_large_image\" \/>\n<meta name=\"twitter:label1\" content=\"Ber\u00e4knad l\u00e4stid\" \/>\n\t<meta name=\"twitter:data1\" content=\"1 minut\" \/>\n<script type=\"application\/ld+json\" class=\"yoast-schema-graph\">{\"@context\":\"https:\/\/schema.org\",\"@graph\":[{\"@type\":\"WebPage\",\"@id\":\"https:\/\/stademonia.com\/21\/\",\"url\":\"https:\/\/stademonia.com\/21\/\",\"name\":\"StaDemonia Tattoo Stockholm -Queera Tatuerare \/ Vegan Tatuering\",\"isPartOf\":{\"@id\":\"https:\/\/stademonia.com\/21\/#website\"},\"datePublished\":\"2021-06-21T07:20:03+00:00\",\"dateModified\":\"2025-05-21T14:25:16+00:00\",\"description\":\"StaDemonia Tattoo Stockholm \u00e4r Queer konst och Vegan tatuering i Stockholm. H\u00e4r hittar du hbtqi+ tatuerare och konst.\",\"breadcrumb\":{\"@id\":\"https:\/\/stademonia.com\/21\/#breadcrumb\"},\"inLanguage\":\"sv-SE\",\"potentialAction\":[{\"@type\":\"ReadAction\",\"target\":[\"https:\/\/stademonia.com\/21\/\"]}]},{\"@type\":\"BreadcrumbList\",\"@id\":\"https:\/\/stademonia.com\/21\/#breadcrumb\",\"itemListElement\":[{\"@type\":\"ListItem\",\"position\":1,\"name\":\"Hem\",\"item\":\"https:\/\/stademonia.com\/21\/\"},{\"@type\":\"ListItem\",\"position\":2,\"name\":\"Hem\"}]},{\"@type\":\"WebSite\",\"@id\":\"https:\/\/stademonia.com\/21\/#website\",\"url\":\"https:\/\/stademonia.com\/21\/\",\"name\":\"StaDemonia Tattoo Stockholm\",\"description\":\"Queera Tatuerare i Stockholm\",\"publisher\":{\"@id\":\"https:\/\/stademonia.com\/21\/#organization\"},\"potentialAction\":[{\"@type\":\"SearchAction\",\"target\":{\"@type\":\"EntryPoint\",\"urlTemplate\":\"https:\/\/stademonia.com\/21\/?s={search_term_string}\"},\"query-input\":{\"@type\":\"PropertyValueSpecification\",\"valueRequired\":true,\"valueName\":\"search_term_string\"}}],\"inLanguage\":\"sv-SE\"},{\"@type\":\"Organization\",\"@id\":\"https:\/\/stademonia.com\/21\/#organization\",\"name\":\"StaDemonia Tattoo Stockholm\",\"url\":\"https:\/\/stademonia.com\/21\/\",\"logo\":{\"@type\":\"ImageObject\",\"inLanguage\":\"sv-SE\",\"@id\":\"https:\/\/stademonia.com\/21\/#\/schema\/logo\/image\/\",\"url\":\"https:\/\/stademonia.com\/21\/wp-content\/uploads\/2025\/03\/cropped-StaDemoniaTattoo_Logo_600-1.jpeg\",\"contentUrl\":\"https:\/\/stademonia.com\/21\/wp-content\/uploads\/2025\/03\/cropped-StaDemoniaTattoo_Logo_600-1.jpeg\",\"width\":512,\"height\":512,\"caption\":\"StaDemonia Tattoo Stockholm\"},\"image\":{\"@id\":\"https:\/\/stademonia.com\/21\/#\/schema\/logo\/image\/\"},\"sameAs\":[\"https:\/\/www.facebook.com\/stademonia.stockholm\/\",\"https:\/\/www.instagram.com\/sta.demonia_tattoo_stockholm\/\"]}]}<\/script>\n<!-- \/ Yoast SEO plugin. -->","yoast_head_json":{"title":"StaDemonia Tattoo Stockholm -Queera Tatuerare \/ Vegan Tatuering","description":"StaDemonia Tattoo Stockholm \u00e4r Queer konst och Vegan tatuering i Stockholm. H\u00e4r hittar du hbtqi+ tatuerare och konst.","robots":{"index":"index","follow":"follow","max-snippet":"max-snippet:-1","max-image-preview":"max-image-preview:large","max-video-preview":"max-video-preview:-1"},"canonical":"https:\/\/stademonia.com\/21\/","og_locale":"sv_SE","og_type":"article","og_title":"StaDemonia Tattoo Stockholm -Queera Tatuerare \/ Vegan Tatuering","og_description":"StaDemonia Tattoo Stockholm \u00e4r Queer konst och Vegan tatuering i Stockholm. H\u00e4r hittar du hbtqi+ tatuerare och konst.","og_url":"https:\/\/stademonia.com\/21\/","og_site_name":"StaDemonia Tattoo Stockholm","article_publisher":"https:\/\/www.facebook.com\/stademonia.stockholm\/","article_modified_time":"2025-05-21T14:25:16+00:00","twitter_card":"summary_large_image","twitter_misc":{"Ber\u00e4knad l\u00e4stid":"1 minut"},"schema":{"@context":"https:\/\/schema.org","@graph":[{"@type":"WebPage","@id":"https:\/\/stademonia.com\/21\/","url":"https:\/\/stademonia.com\/21\/","name":"StaDemonia Tattoo Stockholm -Queera Tatuerare \/ Vegan Tatuering","isPartOf":{"@id":"https:\/\/stademonia.com\/21\/#website"},"datePublished":"2021-06-21T07:20:03+00:00","dateModified":"2025-05-21T14:25:16+00:00","description":"StaDemonia Tattoo Stockholm \u00e4r Queer konst och Vegan tatuering i Stockholm. H\u00e4r hittar du hbtqi+ tatuerare och konst.","breadcrumb":{"@id":"https:\/\/stademonia.com\/21\/#breadcrumb"},"inLanguage":"sv-SE","potentialAction":[{"@type":"ReadAction","target":["https:\/\/stademonia.com\/21\/"]}]},{"@type":"BreadcrumbList","@id":"https:\/\/stademonia.com\/21\/#breadcrumb","itemListElement":[{"@type":"ListItem","position":1,"name":"Hem","item":"https:\/\/stademonia.com\/21\/"},{"@type":"ListItem","position":2,"name":"Hem"}]},{"@type":"WebSite","@id":"https:\/\/stademonia.com\/21\/#website","url":"https:\/\/stademonia.com\/21\/","name":"StaDemonia Tattoo Stockholm","description":"Queera Tatuerare i Stockholm","publisher":{"@id":"https:\/\/stademonia.com\/21\/#organization"},"potentialAction":[{"@type":"SearchAction","target":{"@type":"EntryPoint","urlTemplate":"https:\/\/stademonia.com\/21\/?s={search_term_string}"},"query-input":{"@type":"PropertyValueSpecification","valueRequired":true,"valueName":"search_term_string"}}],"inLanguage":"sv-SE"},{"@type":"Organization","@id":"https:\/\/stademonia.com\/21\/#organization","name":"StaDemonia Tattoo Stockholm","url":"https:\/\/stademonia.com\/21\/","logo":{"@type":"ImageObject","inLanguage":"sv-SE","@id":"https:\/\/stademonia.com\/21\/#\/schema\/logo\/image\/","url":"https:\/\/stademonia.com\/21\/wp-content\/uploads\/2025\/03\/cropped-StaDemoniaTattoo_Logo_600-1.jpeg","contentUrl":"https:\/\/stademonia.com\/21\/wp-content\/uploads\/2025\/03\/cropped-StaDemoniaTattoo_Logo_600-1.jpeg","width":512,"height":512,"caption":"StaDemonia Tattoo Stockholm"},"image":{"@id":"https:\/\/stademonia.com\/21\/#\/schema\/logo\/image\/"},"sameAs":["https:\/\/www.facebook.com\/stademonia.stockholm\/","https:\/\/www.instagram.com\/sta.demonia_tattoo_stockholm\/"]}]}},"_links":{"self":[{"href":"https:\/\/stademonia.com\/21\/wp-json\/wp\/v2\/pages\/35","targetHints":{"allow":["GET"]}}],"collection":[{"href":"https:\/\/stademonia.com\/21\/wp-json\/wp\/v2\/pages"}],"about":[{"href":"https:\/\/stademonia.com\/21\/wp-json\/wp\/v2\/types\/page"}],"author":[{"embeddable":true,"href":"https:\/\/stademonia.com\/21\/wp-json\/wp\/v2\/users\/1"}],"replies":[{"embeddable":true,"href":"https:\/\/stademonia.com\/21\/wp-json\/wp\/v2\/comments?post=35"}],"version-history":[{"count":22,"href":"https:\/\/stademonia.com\/21\/wp-json\/wp\/v2\/pages\/35\/revisions"}],"predecessor-version":[{"id":1337,"href":"https:\/\/stademonia.com\/21\/wp-json\/wp\/v2\/pages\/35\/revisions\/1337"}],"wp:attachment":[{"href":"https:\/\/stademonia.com\/21\/wp-json\/wp\/v2\/media?parent=35"}],"curies":[{"name":"wp","href":"https:\/\/api.w.org\/{rel}","templated":true}]}}