{"id":23,"date":"2021-06-21T09:09:47","date_gmt":"2021-06-21T07:09:47","guid":{"rendered":"https:\/\/stademonia.com\/21\/?page_id=23"},"modified":"2025-02-26T17:12:13","modified_gmt":"2025-02-26T16:12:13","slug":"kontakt","status":"publish","type":"page","link":"https:\/\/stademonia.com\/21\/kontakt\/","title":{"rendered":"Kontakt"},"content":{"rendered":"<div class=\"wpb-content-wrapper\"><p>[vc_row css_animation=&#8221;&#8221; row_type=&#8221;row&#8221; use_row_as_full_screen_section=&#8221;no&#8221; type=&#8221;full_width&#8221; angled_section=&#8221;no&#8221; text_align=&#8221;left&#8221; background_image_as_pattern=&#8221;without_pattern&#8221;][vc_column width=&#8221;1\/2&#8243;][vc_column_text]<\/p>\n<div class=\"elementor-element elementor-element-58b1aa7 elementor-widget elementor-widget-text-editor\" data-id=\"58b1aa7\" data-element_type=\"widget\" data-widget_type=\"text-editor.default\">\n<div class=\"elementor-widget-container\">\n<div class=\"elementor-text-editor elementor-clearfix\">\n<h1>StaDemonia Tattoo Stockholm<\/h1>\n<\/div>\n<\/div>\n<\/div>\n<div class=\"elementor-element elementor-element-194d790 elementor-widget elementor-widget-text-editor\" data-id=\"194d790\" data-element_type=\"widget\" data-widget_type=\"text-editor.default\">\n<div class=\"elementor-widget-container\">\n<div class=\"elementor-text-editor elementor-clearfix\">\n<p>Slipgatan 9, 11739 Stockholm (Hornstull)<br \/>\nMejl: <a href=\"mailto:sara@stademonia.com\" target=\"_blank\" rel=\"noopener\">sara@stademonia.com<\/a> \/ Tel: 0046-87556655<br \/>\n\u00d6ppettider M\u00e5ndag-Fredag 10.30-18.00<\/p>\n<\/div>\n<\/div>\n<\/div>\n<p>[\/vc_column_text][vc_empty_space][vc_column_text]<iframe loading=\"lazy\" style=\"border: 0;\" src=\"https:\/\/www.google.com\/maps\/embed?pb=!1m14!1m8!1m3!1d4071.834025148956!2d18.0259688!3d59.3176427!3m2!1i1024!2i768!4f13.1!3m3!1m2!1s0x465f9d7d39f71b5d%3A0x4e053afec4b97d77!2sStaDemonia%20Tattoo%20Stockholm!5e0!3m2!1ssv!2sse!4v1634654921657!5m2!1ssv!2sse\" width=\"90%\" height=\"450\" allowfullscreen=\"allowfullscreen\"><\/iframe>[\/vc_column_text][vc_empty_space][\/vc_column][vc_column width=&#8221;1\/2&#8243;][vc_column_text]<\/p>\n<h1>StaDemonia Tattoo Stockholm<\/h1>\n<p>StaDemonia Tattoo Stockholm \u00e4r tatuerare <a href=\"http:\/\/www.instagram.com\/soledad.a.a.r\">Soledad Aznar<\/a> och <a href=\"http:\/\/www.instagram.com\/sara_sta.demonia_tattoo\">Sara Swanson<\/a>, tillsammans med inbjudna tatuerare och konstn\u00e4rer. Vi \u00f6ppnade v\u00e5r studio i Barcelona 2005 och sedan sommaren 2017 finns vi i Stockholm! Med oss arbetar <a href=\"http:\/\/www.instagram.com\/alexcfourpotattoo\">Alex Cfourpo<\/a><a href=\"http:\/\/www.instagram.com\/skogsprins\">,<\/a>\u00a0<a href=\"http:\/\/www.instagram.com\/kushytattoos\">Jazz Sargent Aznar<\/a>, <a href=\"http:\/\/instagram.com\/butcher_queen\">Rolf Flor Backman<\/a> och <a href=\"http:\/\/instagram.com\/eva.betjes\">Eva Betjes<\/a>. Vi \u00e4r queer konst och vegansk tatuering i Stockholm.<\/p>\n<p>Skriv till oss f\u00f6r att prata om din framtida tatuering! Ibland kan vi prata via mejl, ibland \u00e4r det b\u00e4ttre att ses personligen -d\u00e5 kan vi boka en tid f\u00f6r konsultation.<br \/>\nVi finns p\u00e5 Slipgatan 9, Hornstull, Stockholm.<\/p>\n<p>Vi har fyra trappsteg ner till studion (ramp finns att l\u00e4ggas ut vid behov) och ett trappsteg upp till toalett (finns ramp att l\u00e4gga ut vid behov). F\u00f6r mer information om tillg\u00e4nglighet:<br \/>\n<a href=\"mailto:sara@stademonia.com\" target=\"_blank\" rel=\"noopener\">sara@stademonia.com<\/a> \/ 08-7556655[\/vc_column_text][\/vc_column][\/vc_row]<\/p>\n<\/div>","protected":false},"excerpt":{"rendered":"<p>[vc_row css_animation=&#8221;&#8221; row_type=&#8221;row&#8221; use_row_as_full_screen_section=&#8221;no&#8221; type=&#8221;full_width&#8221; angled_section=&#8221;no&#8221; text_align=&#8221;left&#8221; background_image_as_pattern=&#8221;without_pattern&#8221;][vc_column width=&#8221;1\/2&#8243;][vc_column_text] StaDemonia Tattoo Stockholm Slipgatan 9, 11739 Stockholm (Hornstull) Mejl: sara@stademonia.com \/ Tel: 0046-87556655 \u00d6ppettider M\u00e5ndag-Fredag 10.30-18.00 [\/vc_column_text][vc_empty_space][vc_column_text][\/vc_column_text][vc_empty_space][\/vc_column][vc_column width=&#8221;1\/2&#8243;][vc_column_text] StaDemonia Tattoo Stockholm StaDemonia Tattoo Stockholm \u00e4r tatuerare Soledad Aznar och Sara Swanson, tillsammans med inbjudna tatuerare och&#8230;<\/p>\n","protected":false},"author":1,"featured_media":0,"parent":0,"menu_order":0,"comment_status":"closed","ping_status":"closed","template":"","meta":{"footnotes":""},"class_list":["post-23","page","type-page","status-publish","hentry"],"yoast_head":"<!-- This site is optimized with the Yoast SEO plugin v26.7 - https:\/\/yoast.com\/wordpress\/plugins\/seo\/ -->\n<title>StaDemonia Tattoo Stockholm -Kontakt Tatuerare<\/title>\n<meta name=\"description\" content=\"StaDemonia Tattoo Stockholm \u00e4r Queer konst och Vegansk tatuering i Stockholm. H\u00e4r hittar du hbtqi+ tatuerare och konst.\" \/>\n<meta name=\"robots\" content=\"index, follow, max-snippet:-1, max-image-preview:large, max-video-preview:-1\" \/>\n<link rel=\"canonical\" href=\"https:\/\/stademonia.com\/21\/kontakt\/\" \/>\n<meta property=\"og:locale\" content=\"sv_SE\" \/>\n<meta property=\"og:type\" content=\"article\" \/>\n<meta property=\"og:title\" content=\"StaDemonia Tattoo Stockholm -Kontakt Tatuerare\" \/>\n<meta property=\"og:description\" content=\"StaDemonia Tattoo Stockholm \u00e4r Queer konst och Vegansk tatuering i Stockholm. H\u00e4r hittar du hbtqi+ tatuerare och konst.\" \/>\n<meta property=\"og:url\" content=\"https:\/\/stademonia.com\/21\/kontakt\/\" \/>\n<meta property=\"og:site_name\" content=\"StaDemonia Tattoo Stockholm\" \/>\n<meta property=\"article:publisher\" content=\"https:\/\/www.facebook.com\/stademonia.stockholm\/\" \/>\n<meta property=\"article:modified_time\" content=\"2025-02-26T16:12:13+00:00\" \/>\n<meta name=\"twitter:card\" content=\"summary_large_image\" \/>\n<meta name=\"twitter:label1\" content=\"Ber\u00e4knad l\u00e4stid\" \/>\n\t<meta name=\"twitter:data1\" content=\"1 minut\" \/>\n<script type=\"application\/ld+json\" class=\"yoast-schema-graph\">{\"@context\":\"https:\/\/schema.org\",\"@graph\":[{\"@type\":\"WebPage\",\"@id\":\"https:\/\/stademonia.com\/21\/kontakt\/\",\"url\":\"https:\/\/stademonia.com\/21\/kontakt\/\",\"name\":\"StaDemonia Tattoo Stockholm -Kontakt Tatuerare\",\"isPartOf\":{\"@id\":\"https:\/\/stademonia.com\/21\/#website\"},\"datePublished\":\"2021-06-21T07:09:47+00:00\",\"dateModified\":\"2025-02-26T16:12:13+00:00\",\"description\":\"StaDemonia Tattoo Stockholm \u00e4r Queer konst och Vegansk tatuering i Stockholm. H\u00e4r hittar du hbtqi+ tatuerare och konst.\",\"breadcrumb\":{\"@id\":\"https:\/\/stademonia.com\/21\/kontakt\/#breadcrumb\"},\"inLanguage\":\"sv-SE\",\"potentialAction\":[{\"@type\":\"ReadAction\",\"target\":[\"https:\/\/stademonia.com\/21\/kontakt\/\"]}]},{\"@type\":\"BreadcrumbList\",\"@id\":\"https:\/\/stademonia.com\/21\/kontakt\/#breadcrumb\",\"itemListElement\":[{\"@type\":\"ListItem\",\"position\":1,\"name\":\"Hem\",\"item\":\"https:\/\/stademonia.com\/21\/\"},{\"@type\":\"ListItem\",\"position\":2,\"name\":\"Kontakt\"}]},{\"@type\":\"WebSite\",\"@id\":\"https:\/\/stademonia.com\/21\/#website\",\"url\":\"https:\/\/stademonia.com\/21\/\",\"name\":\"StaDemonia Tattoo Stockholm\",\"description\":\"Queera Tatuerare i Stockholm\",\"publisher\":{\"@id\":\"https:\/\/stademonia.com\/21\/#organization\"},\"potentialAction\":[{\"@type\":\"SearchAction\",\"target\":{\"@type\":\"EntryPoint\",\"urlTemplate\":\"https:\/\/stademonia.com\/21\/?s={search_term_string}\"},\"query-input\":{\"@type\":\"PropertyValueSpecification\",\"valueRequired\":true,\"valueName\":\"search_term_string\"}}],\"inLanguage\":\"sv-SE\"},{\"@type\":\"Organization\",\"@id\":\"https:\/\/stademonia.com\/21\/#organization\",\"name\":\"StaDemonia Tattoo Stockholm\",\"url\":\"https:\/\/stademonia.com\/21\/\",\"logo\":{\"@type\":\"ImageObject\",\"inLanguage\":\"sv-SE\",\"@id\":\"https:\/\/stademonia.com\/21\/#\/schema\/logo\/image\/\",\"url\":\"https:\/\/stademonia.com\/21\/wp-content\/uploads\/2025\/03\/cropped-StaDemoniaTattoo_Logo_600-1.jpeg\",\"contentUrl\":\"https:\/\/stademonia.com\/21\/wp-content\/uploads\/2025\/03\/cropped-StaDemoniaTattoo_Logo_600-1.jpeg\",\"width\":512,\"height\":512,\"caption\":\"StaDemonia Tattoo Stockholm\"},\"image\":{\"@id\":\"https:\/\/stademonia.com\/21\/#\/schema\/logo\/image\/\"},\"sameAs\":[\"https:\/\/www.facebook.com\/stademonia.stockholm\/\",\"https:\/\/www.instagram.com\/sta.demonia_tattoo_stockholm\/\"]}]}<\/script>\n<!-- \/ Yoast SEO plugin. -->","yoast_head_json":{"title":"StaDemonia Tattoo Stockholm -Kontakt Tatuerare","description":"StaDemonia Tattoo Stockholm \u00e4r Queer konst och Vegansk tatuering i Stockholm. H\u00e4r hittar du hbtqi+ tatuerare och konst.","robots":{"index":"index","follow":"follow","max-snippet":"max-snippet:-1","max-image-preview":"max-image-preview:large","max-video-preview":"max-video-preview:-1"},"canonical":"https:\/\/stademonia.com\/21\/kontakt\/","og_locale":"sv_SE","og_type":"article","og_title":"StaDemonia Tattoo Stockholm -Kontakt Tatuerare","og_description":"StaDemonia Tattoo Stockholm \u00e4r Queer konst och Vegansk tatuering i Stockholm. H\u00e4r hittar du hbtqi+ tatuerare och konst.","og_url":"https:\/\/stademonia.com\/21\/kontakt\/","og_site_name":"StaDemonia Tattoo Stockholm","article_publisher":"https:\/\/www.facebook.com\/stademonia.stockholm\/","article_modified_time":"2025-02-26T16:12:13+00:00","twitter_card":"summary_large_image","twitter_misc":{"Ber\u00e4knad l\u00e4stid":"1 minut"},"schema":{"@context":"https:\/\/schema.org","@graph":[{"@type":"WebPage","@id":"https:\/\/stademonia.com\/21\/kontakt\/","url":"https:\/\/stademonia.com\/21\/kontakt\/","name":"StaDemonia Tattoo Stockholm -Kontakt Tatuerare","isPartOf":{"@id":"https:\/\/stademonia.com\/21\/#website"},"datePublished":"2021-06-21T07:09:47+00:00","dateModified":"2025-02-26T16:12:13+00:00","description":"StaDemonia Tattoo Stockholm \u00e4r Queer konst och Vegansk tatuering i Stockholm. H\u00e4r hittar du hbtqi+ tatuerare och konst.","breadcrumb":{"@id":"https:\/\/stademonia.com\/21\/kontakt\/#breadcrumb"},"inLanguage":"sv-SE","potentialAction":[{"@type":"ReadAction","target":["https:\/\/stademonia.com\/21\/kontakt\/"]}]},{"@type":"BreadcrumbList","@id":"https:\/\/stademonia.com\/21\/kontakt\/#breadcrumb","itemListElement":[{"@type":"ListItem","position":1,"name":"Hem","item":"https:\/\/stademonia.com\/21\/"},{"@type":"ListItem","position":2,"name":"Kontakt"}]},{"@type":"WebSite","@id":"https:\/\/stademonia.com\/21\/#website","url":"https:\/\/stademonia.com\/21\/","name":"StaDemonia Tattoo Stockholm","description":"Queera Tatuerare i Stockholm","publisher":{"@id":"https:\/\/stademonia.com\/21\/#organization"},"potentialAction":[{"@type":"SearchAction","target":{"@type":"EntryPoint","urlTemplate":"https:\/\/stademonia.com\/21\/?s={search_term_string}"},"query-input":{"@type":"PropertyValueSpecification","valueRequired":true,"valueName":"search_term_string"}}],"inLanguage":"sv-SE"},{"@type":"Organization","@id":"https:\/\/stademonia.com\/21\/#organization","name":"StaDemonia Tattoo Stockholm","url":"https:\/\/stademonia.com\/21\/","logo":{"@type":"ImageObject","inLanguage":"sv-SE","@id":"https:\/\/stademonia.com\/21\/#\/schema\/logo\/image\/","url":"https:\/\/stademonia.com\/21\/wp-content\/uploads\/2025\/03\/cropped-StaDemoniaTattoo_Logo_600-1.jpeg","contentUrl":"https:\/\/stademonia.com\/21\/wp-content\/uploads\/2025\/03\/cropped-StaDemoniaTattoo_Logo_600-1.jpeg","width":512,"height":512,"caption":"StaDemonia Tattoo Stockholm"},"image":{"@id":"https:\/\/stademonia.com\/21\/#\/schema\/logo\/image\/"},"sameAs":["https:\/\/www.facebook.com\/stademonia.stockholm\/","https:\/\/www.instagram.com\/sta.demonia_tattoo_stockholm\/"]}]}},"_links":{"self":[{"href":"https:\/\/stademonia.com\/21\/wp-json\/wp\/v2\/pages\/23","targetHints":{"allow":["GET"]}}],"collection":[{"href":"https:\/\/stademonia.com\/21\/wp-json\/wp\/v2\/pages"}],"about":[{"href":"https:\/\/stademonia.com\/21\/wp-json\/wp\/v2\/types\/page"}],"author":[{"embeddable":true,"href":"https:\/\/stademonia.com\/21\/wp-json\/wp\/v2\/users\/1"}],"replies":[{"embeddable":true,"href":"https:\/\/stademonia.com\/21\/wp-json\/wp\/v2\/comments?post=23"}],"version-history":[{"count":13,"href":"https:\/\/stademonia.com\/21\/wp-json\/wp\/v2\/pages\/23\/revisions"}],"predecessor-version":[{"id":1168,"href":"https:\/\/stademonia.com\/21\/wp-json\/wp\/v2\/pages\/23\/revisions\/1168"}],"wp:attachment":[{"href":"https:\/\/stademonia.com\/21\/wp-json\/wp\/v2\/media?parent=23"}],"curies":[{"name":"wp","href":"https:\/\/api.w.org\/{rel}","templated":true}]}}