{"id":15,"date":"2021-06-21T09:08:24","date_gmt":"2021-06-21T07:08:24","guid":{"rendered":"https:\/\/stademonia.com\/21\/?page_id=15"},"modified":"2025-09-03T13:16:21","modified_gmt":"2025-09-03T11:16:21","slug":"queer-tatuering","status":"publish","type":"page","link":"https:\/\/stademonia.com\/21\/queer-tatuering\/","title":{"rendered":"Queer tatuering"},"content":{"rendered":"<div class=\"wpb-content-wrapper\"><p>[vc_row css_animation=&#8221;&#8221; row_type=&#8221;row&#8221; use_row_as_full_screen_section=&#8221;no&#8221; type=&#8221;full_width&#8221; angled_section=&#8221;no&#8221; text_align=&#8221;left&#8221; background_image_as_pattern=&#8221;without_pattern&#8221; z_index=&#8221;&#8221; padding_top=&#8221;100&#8243;][vc_column width=&#8221;2\/3&#8243;][vc_column_text]<\/p>\n<h1>STA.DEMONIA QUEER TATUERING<\/h1>\n<p>QUEER TATUERING \u00e4r ett projekt d\u00e4r vi bjuder in queera tatuerare att g\u00e4sttatuera hos oss p\u00e5 StaDemonia Tattoo Stockholm, visa sin konst och delta i samtal om konst, tatuering och hur vi skapar s\u00e4krare och inspirerande platser. Id\u00e9n \u00e4r att lyfta tatuering som konstform samt ge plats \u00e5t queera artister och intresserade att m\u00f6tas och dela tankar om konst och hur vi g\u00f6r tatuering\/konstsammanhang mer inkluderande, lustfyllda, s\u00e4kra. Nedan hittar ni n\u00e5gra tatuerare som g\u00e4sttatuerat med oss under \u00e5ren samt evenemang vi arrangerat i \u00e4mnet queer tatuering. Vill du veta n\u00e4r vi har g\u00e4startister eller arrangerar evenemang, skriv och s\u00e4g till att du vill vara med p\u00e5 mejllistan <a href=\"mailto:sara@stademonia.com\">sara@stademonia.com<\/a>!<\/p>\n<p>+Info och fr\u00e5gor om tillg\u00e4nglighet <a href=\"mailto:sara@stademonia.com\" target=\"_blank\" rel=\"noopener\">sara@stademonia.com<\/a> \/ 08-7556655<\/p>\n<p>Med st\u00f6d fr\u00e5n Kulturr\u00e5det under 2019\/2020.[\/vc_column_text][\/vc_column][vc_column width=&#8221;1\/3&#8243;][vc_single_image image=&#8221;170&#8243; img_size=&#8221;full&#8221; qode_css_animation=&#8221;&#8221;][\/vc_column][\/vc_row][vc_row css_animation=&#8221;&#8221; row_type=&#8221;row&#8221; use_row_as_full_screen_section=&#8221;no&#8221; type=&#8221;full_width&#8221; angled_section=&#8221;no&#8221; text_align=&#8221;left&#8221; background_image_as_pattern=&#8221;without_pattern&#8221;][vc_column][vc_empty_space][\/vc_column][\/vc_row]<\/p>\n<\/div>","protected":false},"excerpt":{"rendered":"<p>[vc_row css_animation=&#8221;&#8221; row_type=&#8221;row&#8221; use_row_as_full_screen_section=&#8221;no&#8221; type=&#8221;full_width&#8221; angled_section=&#8221;no&#8221; text_align=&#8221;left&#8221; background_image_as_pattern=&#8221;without_pattern&#8221; z_index=&#8221;&#8221; padding_top=&#8221;100&#8243;][vc_column width=&#8221;2\/3&#8243;][vc_column_text] STA.DEMONIA QUEER TATUERING QUEER TATUERING \u00e4r ett projekt d\u00e4r vi bjuder in queera tatuerare att g\u00e4sttatuera hos oss p\u00e5 StaDemonia Tattoo Stockholm, visa sin konst och delta i samtal om konst, tatuering och hur&#8230;<\/p>\n","protected":false},"author":1,"featured_media":0,"parent":0,"menu_order":0,"comment_status":"closed","ping_status":"closed","template":"blog-masonry.php","meta":{"footnotes":""},"class_list":["post-15","page","type-page","status-publish","hentry"],"yoast_head":"<!-- This site is optimized with the Yoast SEO plugin v26.7 - https:\/\/yoast.com\/wordpress\/plugins\/seo\/ -->\n<title>StaDemonia Tattoo Stockholm -Queer Tatuering<\/title>\n<meta name=\"description\" content=\"StaDemonia Tattoo Stockholm \u00e4r Queer konst och Vegan tatuering i Stockholm. H\u00e4r hittar du hbtqi+ tatuerare och konst.\" \/>\n<meta name=\"robots\" content=\"index, follow, max-snippet:-1, max-image-preview:large, max-video-preview:-1\" \/>\n<link rel=\"canonical\" href=\"https:\/\/stademonia.com\/21\/queer-tatuering\/\" \/>\n<meta property=\"og:locale\" content=\"sv_SE\" \/>\n<meta property=\"og:type\" content=\"article\" \/>\n<meta property=\"og:title\" content=\"StaDemonia Tattoo Stockholm -Queer Tatuering\" \/>\n<meta property=\"og:description\" content=\"StaDemonia Tattoo Stockholm \u00e4r Queer konst och Vegan tatuering i Stockholm. H\u00e4r hittar du hbtqi+ tatuerare och konst.\" \/>\n<meta property=\"og:url\" content=\"https:\/\/stademonia.com\/21\/queer-tatuering\/\" \/>\n<meta property=\"og:site_name\" content=\"StaDemonia Tattoo Stockholm\" \/>\n<meta property=\"article:publisher\" content=\"https:\/\/www.facebook.com\/stademonia.stockholm\/\" \/>\n<meta property=\"article:modified_time\" content=\"2025-09-03T11:16:21+00:00\" \/>\n<meta name=\"twitter:card\" content=\"summary_large_image\" \/>\n<meta name=\"twitter:label1\" content=\"Ber\u00e4knad l\u00e4stid\" \/>\n\t<meta name=\"twitter:data1\" content=\"1 minut\" \/>\n<script type=\"application\/ld+json\" class=\"yoast-schema-graph\">{\"@context\":\"https:\/\/schema.org\",\"@graph\":[{\"@type\":\"WebPage\",\"@id\":\"https:\/\/stademonia.com\/21\/queer-tatuering\/\",\"url\":\"https:\/\/stademonia.com\/21\/queer-tatuering\/\",\"name\":\"StaDemonia Tattoo Stockholm -Queer Tatuering\",\"isPartOf\":{\"@id\":\"https:\/\/stademonia.com\/21\/#website\"},\"datePublished\":\"2021-06-21T07:08:24+00:00\",\"dateModified\":\"2025-09-03T11:16:21+00:00\",\"description\":\"StaDemonia Tattoo Stockholm \u00e4r Queer konst och Vegan tatuering i Stockholm. H\u00e4r hittar du hbtqi+ tatuerare och konst.\",\"breadcrumb\":{\"@id\":\"https:\/\/stademonia.com\/21\/queer-tatuering\/#breadcrumb\"},\"inLanguage\":\"sv-SE\",\"potentialAction\":[{\"@type\":\"ReadAction\",\"target\":[\"https:\/\/stademonia.com\/21\/queer-tatuering\/\"]}]},{\"@type\":\"BreadcrumbList\",\"@id\":\"https:\/\/stademonia.com\/21\/queer-tatuering\/#breadcrumb\",\"itemListElement\":[{\"@type\":\"ListItem\",\"position\":1,\"name\":\"Hem\",\"item\":\"https:\/\/stademonia.com\/21\/\"},{\"@type\":\"ListItem\",\"position\":2,\"name\":\"Queer tatuering\"}]},{\"@type\":\"WebSite\",\"@id\":\"https:\/\/stademonia.com\/21\/#website\",\"url\":\"https:\/\/stademonia.com\/21\/\",\"name\":\"StaDemonia Tattoo Stockholm\",\"description\":\"Queera Tatuerare i Stockholm\",\"publisher\":{\"@id\":\"https:\/\/stademonia.com\/21\/#organization\"},\"potentialAction\":[{\"@type\":\"SearchAction\",\"target\":{\"@type\":\"EntryPoint\",\"urlTemplate\":\"https:\/\/stademonia.com\/21\/?s={search_term_string}\"},\"query-input\":{\"@type\":\"PropertyValueSpecification\",\"valueRequired\":true,\"valueName\":\"search_term_string\"}}],\"inLanguage\":\"sv-SE\"},{\"@type\":\"Organization\",\"@id\":\"https:\/\/stademonia.com\/21\/#organization\",\"name\":\"StaDemonia Tattoo Stockholm\",\"url\":\"https:\/\/stademonia.com\/21\/\",\"logo\":{\"@type\":\"ImageObject\",\"inLanguage\":\"sv-SE\",\"@id\":\"https:\/\/stademonia.com\/21\/#\/schema\/logo\/image\/\",\"url\":\"https:\/\/stademonia.com\/21\/wp-content\/uploads\/2025\/03\/cropped-StaDemoniaTattoo_Logo_600-1.jpeg\",\"contentUrl\":\"https:\/\/stademonia.com\/21\/wp-content\/uploads\/2025\/03\/cropped-StaDemoniaTattoo_Logo_600-1.jpeg\",\"width\":512,\"height\":512,\"caption\":\"StaDemonia Tattoo Stockholm\"},\"image\":{\"@id\":\"https:\/\/stademonia.com\/21\/#\/schema\/logo\/image\/\"},\"sameAs\":[\"https:\/\/www.facebook.com\/stademonia.stockholm\/\",\"https:\/\/www.instagram.com\/sta.demonia_tattoo_stockholm\/\"]}]}<\/script>\n<!-- \/ Yoast SEO plugin. -->","yoast_head_json":{"title":"StaDemonia Tattoo Stockholm -Queer Tatuering","description":"StaDemonia Tattoo Stockholm \u00e4r Queer konst och Vegan tatuering i Stockholm. H\u00e4r hittar du hbtqi+ tatuerare och konst.","robots":{"index":"index","follow":"follow","max-snippet":"max-snippet:-1","max-image-preview":"max-image-preview:large","max-video-preview":"max-video-preview:-1"},"canonical":"https:\/\/stademonia.com\/21\/queer-tatuering\/","og_locale":"sv_SE","og_type":"article","og_title":"StaDemonia Tattoo Stockholm -Queer Tatuering","og_description":"StaDemonia Tattoo Stockholm \u00e4r Queer konst och Vegan tatuering i Stockholm. H\u00e4r hittar du hbtqi+ tatuerare och konst.","og_url":"https:\/\/stademonia.com\/21\/queer-tatuering\/","og_site_name":"StaDemonia Tattoo Stockholm","article_publisher":"https:\/\/www.facebook.com\/stademonia.stockholm\/","article_modified_time":"2025-09-03T11:16:21+00:00","twitter_card":"summary_large_image","twitter_misc":{"Ber\u00e4knad l\u00e4stid":"1 minut"},"schema":{"@context":"https:\/\/schema.org","@graph":[{"@type":"WebPage","@id":"https:\/\/stademonia.com\/21\/queer-tatuering\/","url":"https:\/\/stademonia.com\/21\/queer-tatuering\/","name":"StaDemonia Tattoo Stockholm -Queer Tatuering","isPartOf":{"@id":"https:\/\/stademonia.com\/21\/#website"},"datePublished":"2021-06-21T07:08:24+00:00","dateModified":"2025-09-03T11:16:21+00:00","description":"StaDemonia Tattoo Stockholm \u00e4r Queer konst och Vegan tatuering i Stockholm. H\u00e4r hittar du hbtqi+ tatuerare och konst.","breadcrumb":{"@id":"https:\/\/stademonia.com\/21\/queer-tatuering\/#breadcrumb"},"inLanguage":"sv-SE","potentialAction":[{"@type":"ReadAction","target":["https:\/\/stademonia.com\/21\/queer-tatuering\/"]}]},{"@type":"BreadcrumbList","@id":"https:\/\/stademonia.com\/21\/queer-tatuering\/#breadcrumb","itemListElement":[{"@type":"ListItem","position":1,"name":"Hem","item":"https:\/\/stademonia.com\/21\/"},{"@type":"ListItem","position":2,"name":"Queer tatuering"}]},{"@type":"WebSite","@id":"https:\/\/stademonia.com\/21\/#website","url":"https:\/\/stademonia.com\/21\/","name":"StaDemonia Tattoo Stockholm","description":"Queera Tatuerare i Stockholm","publisher":{"@id":"https:\/\/stademonia.com\/21\/#organization"},"potentialAction":[{"@type":"SearchAction","target":{"@type":"EntryPoint","urlTemplate":"https:\/\/stademonia.com\/21\/?s={search_term_string}"},"query-input":{"@type":"PropertyValueSpecification","valueRequired":true,"valueName":"search_term_string"}}],"inLanguage":"sv-SE"},{"@type":"Organization","@id":"https:\/\/stademonia.com\/21\/#organization","name":"StaDemonia Tattoo Stockholm","url":"https:\/\/stademonia.com\/21\/","logo":{"@type":"ImageObject","inLanguage":"sv-SE","@id":"https:\/\/stademonia.com\/21\/#\/schema\/logo\/image\/","url":"https:\/\/stademonia.com\/21\/wp-content\/uploads\/2025\/03\/cropped-StaDemoniaTattoo_Logo_600-1.jpeg","contentUrl":"https:\/\/stademonia.com\/21\/wp-content\/uploads\/2025\/03\/cropped-StaDemoniaTattoo_Logo_600-1.jpeg","width":512,"height":512,"caption":"StaDemonia Tattoo Stockholm"},"image":{"@id":"https:\/\/stademonia.com\/21\/#\/schema\/logo\/image\/"},"sameAs":["https:\/\/www.facebook.com\/stademonia.stockholm\/","https:\/\/www.instagram.com\/sta.demonia_tattoo_stockholm\/"]}]}},"_links":{"self":[{"href":"https:\/\/stademonia.com\/21\/wp-json\/wp\/v2\/pages\/15","targetHints":{"allow":["GET"]}}],"collection":[{"href":"https:\/\/stademonia.com\/21\/wp-json\/wp\/v2\/pages"}],"about":[{"href":"https:\/\/stademonia.com\/21\/wp-json\/wp\/v2\/types\/page"}],"author":[{"embeddable":true,"href":"https:\/\/stademonia.com\/21\/wp-json\/wp\/v2\/users\/1"}],"replies":[{"embeddable":true,"href":"https:\/\/stademonia.com\/21\/wp-json\/wp\/v2\/comments?post=15"}],"version-history":[{"count":8,"href":"https:\/\/stademonia.com\/21\/wp-json\/wp\/v2\/pages\/15\/revisions"}],"predecessor-version":[{"id":1418,"href":"https:\/\/stademonia.com\/21\/wp-json\/wp\/v2\/pages\/15\/revisions\/1418"}],"wp:attachment":[{"href":"https:\/\/stademonia.com\/21\/wp-json\/wp\/v2\/media?parent=15"}],"curies":[{"name":"wp","href":"https:\/\/api.w.org\/{rel}","templated":true}]}}